{"id":344,"date":"2023-07-25T19:25:13","date_gmt":"2023-07-25T17:25:13","guid":{"rendered":"https:\/\/blauegrootdoor.de\/?page_id=344"},"modified":"2023-08-01T12:29:41","modified_gmt":"2023-08-01T10:29:41","slug":"historie","status":"publish","type":"page","link":"https:\/\/blauegrootdoor.de\/en\/historie\/","title":{"rendered":"Historie"},"content":{"rendered":"<p>[et_pb_section fb_built=&#8220;1&#8243; admin_label=&#8220;Header&#8220; _builder_version=&#8220;4.21.0&#8243; use_background_color_gradient=&#8220;on&#8220; background_color_gradient_type=&#8220;circular&#8220; background_color_gradient_direction_radial=&#8220;top left&#8220; background_color_gradient_stops=&#8220;rgba(255,255,255,0.89) 30%|rgba(255,255,255,0) 80%&#8220; background_color_gradient_overlays_image=&#8220;on&#8220; background_color_gradient_start=&#8220;rgba(255,255,255,0.89)&#8220; background_color_gradient_start_position=&#8220;30%&#8220; background_color_gradient_end=&#8220;rgba(255,255,255,0)&#8220; background_color_gradient_end_position=&#8220;80%&#8220; background_image=&#8220;https:\/\/blauegrootdoor.de\/wp-content\/uploads\/2023\/07\/BG_Seiteneingang_800-500.jpg&#8220; custom_padding=&#8220;8vw|0px|0|0px|false|false&#8220; global_colors_info=&#8220;{}&#8220;][et_pb_row _builder_version=&#8220;4.16&#8243; global_colors_info=&#8220;{}&#8220;][et_pb_column type=&#8220;4_4&#8243; _builder_version=&#8220;4.16&#8243; custom_padding=&#8220;|||&#8220; global_colors_info=&#8220;{}&#8220; custom_padding__hover=&#8220;|||&#8220;][et_pb_text _builder_version=&#8220;4.21.0&#8243; text_font=&#8220;||||||||&#8220; header_font=&#8220;Raleway|700|||||||&#8220; header_text_color=&#8220;#1f4e79&#8243; header_font_size=&#8220;80px&#8220; header_line_height=&#8220;1.2em&#8220; header_5_font=&#8220;Raleway|700||on|||||&#8220; header_5_text_color=&#8220;#000000&#8243; header_5_font_size=&#8220;20px&#8220; header_5_letter_spacing=&#8220;0.5em&#8220; header_5_line_height=&#8220;1.8em&#8220; animation_style=&#8220;zoom&#8220; animation_intensity_zoom=&#8220;5%&#8220; header_font_size_tablet=&#8220;48px&#8220; header_font_size_phone=&#8220;32px&#8220; header_font_size_last_edited=&#8220;on|phone&#8220; header_5_font_size_tablet=&#8220;14px&#8220; header_5_font_size_phone=&#8220;12px&#8220; header_5_font_size_last_edited=&#8220;on|desktop&#8220; global_colors_info=&#8220;{}&#8220;]<\/p>\n<h5>Historie<\/h5>\n<h1>Treten Sie ein&#8230;<\/h1>\n<p>[\/et_pb_text][\/et_pb_column][\/et_pb_row][\/et_pb_section][et_pb_section fb_built=&#8220;1&#8243; _builder_version=&#8220;4.21.0&#8243; _module_preset=&#8220;default&#8220; custom_padding=&#8220;||0px|||&#8220; global_colors_info=&#8220;{}&#8220;][et_pb_row _builder_version=&#8220;4.21.0&#8243; _module_preset=&#8220;default&#8220; custom_margin=&#8220;-43px|auto||auto||&#8220; custom_padding=&#8220;|||4px||&#8220; global_colors_info=&#8220;{}&#8220;][et_pb_column type=&#8220;4_4&#8243; _builder_version=&#8220;4.21.0&#8243; _module_preset=&#8220;default&#8220; global_colors_info=&#8220;{}&#8220;][et_pb_text _builder_version=&#8220;4.21.0&#8243; _module_preset=&#8220;default&#8220; global_colors_info=&#8220;{}&#8220;]<\/p>\n<p><span style=\"font-size: large;\"><strong>Die Blaue Grootdoor war nicht immer blau.<\/strong><\/span><\/p>\n<p><span style=\"font-size: large;\">Unsere Familiengeschichte am Meyenburger Damm 16 \u2013 Ihrer Urlaubsunterkunft \u2013 beginnt im Jahr 1989. <\/span><\/p>\n<p><span style=\"font-size: large;\"><strong>B\u00e4rbel und Ulf Schmengler<\/strong> verwirklichten ihren Lebenstraum Ende der 1980er: schon immer wollten sie in einem reetgedeckten &#8222;alten Bauernhaus&#8220; leben. Diesen Traum haben sie sich mit der &#8222;blauen Grootdoor&#8220; erf\u00fcllt. Treten Sie ein in die Geschichte unserer Familie.<\/span><\/p>\n<p><span style=\"font-size: large;\">Geb\u00fcrtig aus Bremerhaven kommend lebten B\u00e4rbel und Ulf bereits seit 1972 in Meyenburg. In dem landwirschaftlich gepr\u00e4gten Dorf errichteten sie am &#8222;Brakland 24&#8220; ein Holzhaus, das sie f\u00fcr ihren Traum am Meyenburger Damm im Jahr 1989 verkauften. \u00a0<\/span><\/p>\n<p><span style=\"font-size: large;\">Sie sehen unterhalb des Textes fotografische Aufnahmen des Hauses in dem Zustand, in dem unsere Eltern das Haus im Jahr 1988 kauften. Das Geb\u00e4ude war urspr\u00fcnglich ein ehemaliger Stall.<span style=\"font-size: large;\"><\/span><\/span><\/p>\n<p>&nbsp;<\/p>\n<p>[\/et_pb_text][\/et_pb_column][\/et_pb_row][et_pb_row _builder_version=&#8220;4.21.0&#8243; _module_preset=&#8220;default&#8220; global_colors_info=&#8220;{}&#8220;][et_pb_column type=&#8220;4_4&#8243; _builder_version=&#8220;4.21.0&#8243; _module_preset=&#8220;default&#8220; custom_padding=&#8220;|||0px|false|false&#8220; global_colors_info=&#8220;{}&#8220;][et_pb_gallery gallery_ids=&#8220;407,408,414,412&#8243; show_pagination=&#8220;off&#8220; _builder_version=&#8220;4.21.0&#8243; _module_preset=&#8220;default&#8220; title_font_size=&#8220;14px&#8220; caption_font_size=&#8220;14px&#8220; module_alignment=&#8220;center&#8220; custom_margin=&#8220;||||false|false&#8220; custom_padding=&#8220;||||false|false&#8220; link_option_url=&#8220;https:\/\/blauegrootdoor.de\/wp-content\/uploads\/2023\/07\/IMG_7107-scaled.jpg&#8220; link_option_url_new_window=&#8220;on&#8220; hover_enabled=&#8220;0&#8243; global_colors_info=&#8220;{}&#8220; sticky_enabled=&#8220;0&#8243;][\/et_pb_gallery][\/et_pb_column][\/et_pb_row][et_pb_row _builder_version=&#8220;4.21.0&#8243; _module_preset=&#8220;default&#8220; border_width_top=&#8220;1px&#8220; border_width_bottom=&#8220;1px&#8220; global_colors_info=&#8220;{}&#8220;][et_pb_column type=&#8220;4_4&#8243; _builder_version=&#8220;4.21.0&#8243; _module_preset=&#8220;default&#8220; global_colors_info=&#8220;{}&#8220;][et_pb_team_member name=&#8220;B\u00e4rbel und Ulf Schmengler (Foto aus dem Jahr 1989)&#8220; image_url=&#8220;https:\/\/blauegrootdoor.de\/wp-content\/uploads\/2023\/07\/IMG_7118-scaled.jpg&#8220; _builder_version=&#8220;4.21.0&#8243; _module_preset=&#8220;default&#8220; custom_margin=&#8220;||||false|false&#8220; link_option_url_new_window=&#8220;on&#8220; global_colors_info=&#8220;{}&#8220;]<\/p>\n<p>&nbsp;<\/p>\n<p>Wir, Dominik und Till, haben den \u2013 heute w\u00fcrde man sagen \u2013 &#8222;Wahnsinn&#8220; des Hausumbaus nicht nur live miterlebt, sondern tatkr\u00e4ftig unterst\u00fctzt.<\/p>\n<p>Unsere Eltern waren bescheiden und gro\u00dfz\u00fcgig gleicherma\u00dfen. Unser Elternhaus war gepr\u00e4gt von einer gro\u00dfen Portion Lebensfreude und Fr\u00f6hlichkeit, sehr viel Humor und einem Ehrgeiz, eigene Tr\u00e4ume zu leben.<\/p>\n<p>Innerhalb von 18 Monaten wurde aus dem &#8222;Stall&#8220; ein Wohnhaus mit knapp 250 qm, das bis heute seinen Charme und seine Wohnqualit\u00e4t bewahrt hat.<\/p>\n<p><strong>Ulf<\/strong> \u2013 ein Allrounder, der handwerklich geschickt so Vieles am Haus und im Garten \u00fcber Jahrzehnte pflegte, reparierte, sanierte. Und dem man immer einen Witz entlocken konnte, humorvoll wie er war.<\/p>\n<p><strong>B\u00e4rbel<\/strong> \u2013 die gute Seele des Hauses. Stets umsorgt um ihre Lieben, mit einem \u00dcberblick \u00fcber alles, was im Haus so anfiel.<\/p>\n<p>Die beide waren \u00fcber 60 Jahre f\u00fcreinander und uns da.<\/p>\n<p>&nbsp;<\/p>\n<p>[\/et_pb_team_member][\/et_pb_column][\/et_pb_row][et_pb_row _builder_version=&#8220;4.21.0&#8243; _module_preset=&#8220;default&#8220; global_colors_info=&#8220;{}&#8220;][et_pb_column type=&#8220;4_4&#8243; _builder_version=&#8220;4.21.0&#8243; _module_preset=&#8220;default&#8220; global_colors_info=&#8220;{}&#8220;][et_pb_gallery gallery_ids=&#8220;424,413,409,415&#8243; _builder_version=&#8220;4.21.0&#8243; _module_preset=&#8220;default&#8220; custom_margin=&#8220;||||false|false&#8220; global_colors_info=&#8220;{}&#8220;][\/et_pb_gallery][\/et_pb_column][\/et_pb_row][\/et_pb_section][et_pb_section fb_built=&#8220;1&#8243; _builder_version=&#8220;4.21.0&#8243; _module_preset=&#8220;default&#8220; custom_margin=&#8220;||||false|false&#8220; global_colors_info=&#8220;{}&#8220;][et_pb_row column_structure=&#8220;1_3,1_3,1_3&#8243; _builder_version=&#8220;4.21.0&#8243; _module_preset=&#8220;default&#8220; global_colors_info=&#8220;{}&#8220;][et_pb_column type=&#8220;1_3&#8243; _builder_version=&#8220;4.21.0&#8243; _module_preset=&#8220;default&#8220; global_colors_info=&#8220;{}&#8220;][et_pb_image src=&#8220;https:\/\/blauegrootdoor.de\/wp-content\/uploads\/2023\/07\/IMG_7121-scaled.jpg&#8220; title_text=&#8220;Till Schmengler&#8220; url_new_window=&#8220;on&#8220; _builder_version=&#8220;4.21.0&#8243; _module_preset=&#8220;default&#8220; global_colors_info=&#8220;{}&#8220;][\/et_pb_image][\/et_pb_column][et_pb_column type=&#8220;1_3&#8243; _builder_version=&#8220;4.21.0&#8243; _module_preset=&#8220;default&#8220; global_colors_info=&#8220;{}&#8220;][et_pb_image src=&#8220;https:\/\/blauegrootdoor.de\/wp-content\/uploads\/2023\/07\/IMG_7122-scaled.jpg&#8220; title_text=&#8220;Ulf und Dominik Schmengler&#8220; url_new_window=&#8220;on&#8220; _builder_version=&#8220;4.21.0&#8243; _module_preset=&#8220;default&#8220; global_colors_info=&#8220;{}&#8220;][\/et_pb_image][\/et_pb_column][et_pb_column type=&#8220;1_3&#8243; _builder_version=&#8220;4.21.0&#8243; _module_preset=&#8220;default&#8220; global_colors_info=&#8220;{}&#8220;][et_pb_image src=&#8220;https:\/\/blauegrootdoor.de\/wp-content\/uploads\/2023\/07\/IMG_7120-scaled.jpg&#8220; title_text=&#8220;Till Schmengler mit den neuen Fenstern&#8220; url_new_window=&#8220;on&#8220; _builder_version=&#8220;4.21.0&#8243; _module_preset=&#8220;default&#8220; global_colors_info=&#8220;{}&#8220;][\/et_pb_image][\/et_pb_column][\/et_pb_row][et_pb_row _builder_version=&#8220;4.21.0&#8243; _module_preset=&#8220;default&#8220; global_colors_info=&#8220;{}&#8220;][et_pb_column type=&#8220;4_4&#8243; _builder_version=&#8220;4.21.0&#8243; _module_preset=&#8220;default&#8220; global_colors_info=&#8220;{}&#8220;][et_pb_text _builder_version=&#8220;4.21.0&#8243; _module_preset=&#8220;default&#8220; global_colors_info=&#8220;{}&#8220;]<\/p>\n<p><strong>Die Grootdoor wird blau <img decoding=\"async\" src=\"https:\/\/blauegrootdoor.de\/wp-content\/themes\/Divi\/includes\/builder\/frontend-builder\/assets\/vendors\/plugins\/emoticons\/img\/smiley-smile.gif\" alt=\"smile\" \/><\/strong><\/p>\n<p>[\/et_pb_text][\/et_pb_column][\/et_pb_row][et_pb_row _builder_version=&#8220;4.21.0&#8243; _module_preset=&#8220;default&#8220; global_colors_info=&#8220;{}&#8220;][et_pb_column type=&#8220;4_4&#8243; _builder_version=&#8220;4.21.0&#8243; _module_preset=&#8220;default&#8220; global_colors_info=&#8220;{}&#8220;][et_pb_image src=&#8220;https:\/\/blauegrootdoor.de\/wp-content\/uploads\/2023\/07\/IMG_7123-scaled.jpg&#8220; title_text=&#8220;Die Grootdoor wird blau&#8230;&#8220; url_new_window=&#8220;on&#8220; _builder_version=&#8220;4.21.0&#8243; _module_preset=&#8220;default&#8220; global_colors_info=&#8220;{}&#8220;][\/et_pb_image][\/et_pb_column][\/et_pb_row][et_pb_row _builder_version=&#8220;4.21.0&#8243; _module_preset=&#8220;default&#8220; global_colors_info=&#8220;{}&#8220;][et_pb_column type=&#8220;4_4&#8243; _builder_version=&#8220;4.21.0&#8243; _module_preset=&#8220;default&#8220; global_colors_info=&#8220;{}&#8220;][et_pb_text _builder_version=&#8220;4.21.0&#8243; _module_preset=&#8220;default&#8220; global_colors_info=&#8220;{}&#8220;]<\/p>\n<p>Wie sch\u00f6n, dass Sie zu uns gefunden haben. Genie\u00dfen Sie Ihre Urlaubstage in Meyenburg und Umgebung. Lassen Sie es sich gut gehen!<\/p>\n<p>[\/et_pb_text][\/et_pb_column][\/et_pb_row][\/et_pb_section]<\/p>","protected":false},"excerpt":{"rendered":"<p>Historie Treten Sie ein&#8230;Die Blaue Grootdoor war nicht immer blau. Unsere Familiengeschichte am Meyenburger Damm 16 \u2013 Ihrer Urlaubsunterkunft \u2013 beginnt im Jahr 1989. B\u00e4rbel und Ulf Schmengler verwirklichten ihren Lebenstraum Ende der 1980er: schon immer wollten sie in einem reetgedeckten &#8222;alten Bauernhaus&#8220; leben. Diesen Traum haben sie sich mit der &#8222;blauen Grootdoor&#8220; erf\u00fcllt. Treten [&hellip;]<\/p>","protected":false},"author":1,"featured_media":0,"parent":0,"menu_order":0,"comment_status":"closed","ping_status":"closed","template":"","meta":{"_et_pb_use_builder":"on","_et_pb_old_content":"","_et_gb_content_width":"","footnotes":""},"_links":{"self":[{"href":"https:\/\/blauegrootdoor.de\/en\/wp-json\/wp\/v2\/pages\/344"}],"collection":[{"href":"https:\/\/blauegrootdoor.de\/en\/wp-json\/wp\/v2\/pages"}],"about":[{"href":"https:\/\/blauegrootdoor.de\/en\/wp-json\/wp\/v2\/types\/page"}],"author":[{"embeddable":true,"href":"https:\/\/blauegrootdoor.de\/en\/wp-json\/wp\/v2\/users\/1"}],"replies":[{"embeddable":true,"href":"https:\/\/blauegrootdoor.de\/en\/wp-json\/wp\/v2\/comments?post=344"}],"version-history":[{"count":57,"href":"https:\/\/blauegrootdoor.de\/en\/wp-json\/wp\/v2\/pages\/344\/revisions"}],"predecessor-version":[{"id":826,"href":"https:\/\/blauegrootdoor.de\/en\/wp-json\/wp\/v2\/pages\/344\/revisions\/826"}],"wp:attachment":[{"href":"https:\/\/blauegrootdoor.de\/en\/wp-json\/wp\/v2\/media?parent=344"}],"curies":[{"name":"wp","href":"https:\/\/api.w.org\/{rel}","templated":true}]}}