{"id":4,"date":"2023-07-15T15:52:55","date_gmt":"2023-07-15T15:52:55","guid":{"rendered":"http:\/\/blauegrootdoor.de\/willkommen-auf-http-blauegrootdoor-de\/"},"modified":"2023-08-08T06:26:55","modified_gmt":"2023-08-08T04:26:55","slug":"willkommen-auf-http-blauegrootdoor-de","status":"publish","type":"page","link":"https:\/\/blauegrootdoor.de\/en\/","title":{"rendered":"Willkommen auf http:\/\/blauegrootdoor.de"},"content":{"rendered":"<p>[et_pb_section fb_built=&#8220;1&#8243; admin_label=&#8220;Header&#8220; _builder_version=&#8220;4.21.0&#8243; use_background_color_gradient=&#8220;on&#8220; background_color_gradient_type=&#8220;circular&#8220; background_color_gradient_direction_radial=&#8220;top right&#8220; background_color_gradient_stops=&#8220;rgba(255,255,255,0.89) 30%|rgba(255,255,255,0) 80%&#8220; background_color_gradient_overlays_image=&#8220;on&#8220; background_color_gradient_start=&#8220;rgba(255,255,255,0.89)&#8220; background_color_gradient_start_position=&#8220;30%&#8220; background_color_gradient_end=&#8220;rgba(255,255,255,0)&#8220; background_color_gradient_end_position=&#8220;80%&#8220; background_image=&#8220;http:\/\/blauegrootdoor.de\/wp-content\/uploads\/2023\/07\/BlaueGrootdoor_Front1.jpg&#8220; custom_padding=&#8220;12vw|0px|0|0px|false|false&#8220; global_colors_info=&#8220;{}&#8220;][et_pb_row _builder_version=&#8220;4.16&#8243; custom_margin=&#8220;|||&#8220; global_colors_info=&#8220;{}&#8220;][et_pb_column type=&#8220;4_4&#8243; _builder_version=&#8220;4.16&#8243; custom_padding=&#8220;|||&#8220; global_colors_info=&#8220;{}&#8220; custom_padding__hover=&#8220;|||&#8220;][et_pb_text _builder_version=&#8220;4.21.0&#8243; text_font=&#8220;||||||||&#8220; text_text_color=&#8220;#000000&#8243; header_font=&#8220;Raleway|700|||||||&#8220; header_text_color=&#8220;#1f4e79&#8243; header_font_size=&#8220;80px&#8220; header_line_height=&#8220;1.2em&#8220; header_5_font=&#8220;Raleway|700||on|||||&#8220; header_5_text_color=&#8220;#000000&#8243; header_5_font_size=&#8220;20px&#8220; header_5_letter_spacing=&#8220;0.5em&#8220; header_5_line_height=&#8220;1.8em&#8220; custom_padding=&#8220;1px|||||&#8220; animation_style=&#8220;zoom&#8220; animation_intensity_zoom=&#8220;5%&#8220; header_font_size_tablet=&#8220;48px&#8220; header_font_size_phone=&#8220;32px&#8220; header_font_size_last_edited=&#8220;on|phone&#8220; header_5_font_size_tablet=&#8220;14px&#8220; header_5_font_size_phone=&#8220;12px&#8220; header_5_font_size_last_edited=&#8220;on|desktop&#8220; global_colors_info=&#8220;{}&#8220;]<\/p>\n<h5 style=\"text-align: right;\">Entspannen unter Reet<\/h5>\n<h1 style=\"text-align: right;\">Blaue <br \/>Grootdoor<\/h1>\n<p>[\/et_pb_text][\/et_pb_column][\/et_pb_row][et_pb_row column_structure=&#8220;2_5,3_5&#8243; _builder_version=&#8220;4.21.0&#8243; _module_preset=&#8220;default&#8220; global_colors_info=&#8220;{}&#8220;][et_pb_column type=&#8220;2_5&#8243; _builder_version=&#8220;4.21.0&#8243; _module_preset=&#8220;default&#8220; global_colors_info=&#8220;{}&#8220;][\/et_pb_column][et_pb_column type=&#8220;3_5&#8243; _builder_version=&#8220;4.21.0&#8243; _module_preset=&#8220;default&#8220; global_colors_info=&#8220;{}&#8220;][et_pb_button button_url=&#8220;@ET-DC@eyJkeW5hbWljIjp0cnVlLCJjb250ZW50IjoicG9zdF9saW5rX3VybF9wYWdlIiwic2V0dGluZ3MiOnsicG9zdF9pZCI6Ijg2In19@&#8220; button_text=&#8220;Buchungsanfrage&#8220; button_alignment=&#8220;right&#8220; _builder_version=&#8220;4.21.0&#8243; _dynamic_attributes=&#8220;button_url&#8220; _module_preset=&#8220;default&#8220; animation_style=&#8220;zoom&#8220; global_colors_info=&#8220;{}&#8220;][\/et_pb_button][\/et_pb_column][\/et_pb_row][\/et_pb_section][et_pb_section fb_built=&#8220;1&#8243; admin_label=&#8220;Rooms&#8220; _builder_version=&#8220;4.16&#8243; custom_margin=&#8220;|||&#8220; custom_padding=&#8220;|||&#8220; global_colors_info=&#8220;{}&#8220;][et_pb_row column_structure=&#8220;1_3,1_3,1_3&#8243; _builder_version=&#8220;4.16&#8243; global_colors_info=&#8220;{}&#8220;][et_pb_column type=&#8220;1_3&#8243; _builder_version=&#8220;4.16&#8243; custom_padding=&#8220;|||&#8220; global_colors_info=&#8220;{}&#8220; custom_padding__hover=&#8220;|||&#8220;][et_pb_image src=&#8220;http:\/\/blauegrootdoor.de\/wp-content\/uploads\/2023\/07\/BG_KuecheFlur-scaled.jpg&#8220; title_text=&#8220;Blick K\u00fcche und Flur&#8220; url=&#8220;@ET-DC@eyJkeW5hbWljIjp0cnVlLCJjb250ZW50IjoicG9zdF9saW5rX3VybF9wYWdlIiwic2V0dGluZ3MiOnsicG9zdF9pZCI6IjY5In19@&#8220; force_fullwidth=&#8220;on&#8220; align_tablet=&#8220;center&#8220; align_phone=&#8220;center&#8220; align_last_edited=&#8220;on|desktop&#8220; _builder_version=&#8220;4.21.0&#8243; _dynamic_attributes=&#8220;url&#8220; custom_margin_tablet=&#8220;||0px|&#8220; locked=&#8220;off&#8220; global_colors_info=&#8220;{}&#8220;][\/et_pb_image][et_pb_text _builder_version=&#8220;4.21.0&#8243; text_font=&#8220;||||||||&#8220; text_line_height=&#8220;2em&#8220; header_font=&#8220;||||||||&#8220; header_3_font=&#8220;Raleway|700|||||||&#8220; header_3_font_size=&#8220;20px&#8220; header_3_line_height=&#8220;1.2em&#8220; header_3_font_size_tablet=&#8220;35px&#8220; header_3_font_size_phone=&#8220;25px&#8220; header_3_font_size_last_edited=&#8220;on|phone&#8220; locked=&#8220;off&#8220; global_colors_info=&#8220;{}&#8220;]<\/p>\n<h3 style=\"text-align: center;\">Ferienwohnung<br \/>Blaue Grootdoor<\/h3>\n<p>Unsere Ferienwohnung (EG\/barrierefrei) mit ca. 135 m\u00b2\u00a0 verf\u00fcgt \u00fcber einen gro\u00dfen Wohn-Ess-Bereich, zwei Schlafzimmer (\u00e0 zwei Personen) und ein Badezimmer.<\/p>\n<p><span style=\"font-size: 14px;\">Im Garten k\u00f6nnen Sie unter alten Apfelb\u00e4umen entspannen. \u00a0<\/span><\/p>\n<p>Seit Juli 2023 steht das Haus als Ferienwohnung zur Verf\u00fcgung.<span style=\"font-size: 14px;\"><\/span><\/p>\n<p><span style=\"font-size: 14px;\"><\/span><\/p>\n<p>[\/et_pb_text][\/et_pb_column][et_pb_column type=&#8220;1_3&#8243; _builder_version=&#8220;4.16&#8243; custom_padding=&#8220;|||&#8220; global_colors_info=&#8220;{}&#8220; custom_padding__hover=&#8220;|||&#8220;][et_pb_image src=&#8220;https:\/\/blauegrootdoor.de\/wp-content\/uploads\/2023\/07\/BG_MuehleMeyenburg_1068-600.jpg&#8220; title_text=&#8220;Wasserm\u00fchle Meyenburg&#8220; url=&#8220;@ET-DC@eyJkeW5hbWljIjp0cnVlLCJjb250ZW50IjoicG9zdF9saW5rX3VybF9wYWdlIiwic2V0dGluZ3MiOnsicG9zdF9pZCI6IjcwIn19@&#8220; force_fullwidth=&#8220;on&#8220; align_tablet=&#8220;center&#8220; align_phone=&#8220;center&#8220; align_last_edited=&#8220;on|desktop&#8220; _builder_version=&#8220;4.21.0&#8243; _dynamic_attributes=&#8220;url&#8220; custom_margin_tablet=&#8220;||0px|&#8220; locked=&#8220;off&#8220; global_colors_info=&#8220;{}&#8220;][\/et_pb_image][et_pb_text _builder_version=&#8220;4.21.0&#8243; text_font=&#8220;||||||||&#8220; text_line_height=&#8220;2em&#8220; header_font=&#8220;||||||||&#8220; header_3_font=&#8220;Raleway|700|||||||&#8220; header_3_font_size=&#8220;20px&#8220; header_3_line_height=&#8220;1.2em&#8220; header_3_font_size_tablet=&#8220;35px&#8220; header_3_font_size_phone=&#8220;25px&#8220; header_3_font_size_last_edited=&#8220;on|phone&#8220; locked=&#8220;off&#8220; global_colors_info=&#8220;{}&#8220;]<\/p>\n<h3 style=\"text-align: center;\">\u00a0Meyenburg entdecken<\/h3>\n<p style=\"text-align: left;\">Das historische Dorf Meyenburg l\u00e4dt mit seinem besonderen Charme zum Entschleunigen ein.<\/p>\n<p style=\"text-align: left;\">Caf\u00e9s, Biolandhof, <a href=\"http:\/\/www.landhaus-meyenburg.de\" target=\"_blank\" rel=\"noopener\">Restaurant<\/a>, Melkhus, M\u00fchlenteich&#8230; F\u00fcr Meyenburg trifft das Sprichwort zu:\u00a0&#8222;Klein, aber oho!&#8220;<\/p>\n<p style=\"text-align: left;\">In den umliegenden W\u00e4ldern gibt es ausreichend Gelegenheit f\u00fcr Spazierg\u00e4nge.<\/p>\n<p>[\/et_pb_text][\/et_pb_column][et_pb_column type=&#8220;1_3&#8243; _builder_version=&#8220;4.16&#8243; custom_padding=&#8220;|||&#8220; global_colors_info=&#8220;{}&#8220; custom_padding__hover=&#8220;|||&#8220;][et_pb_image src=&#8220;https:\/\/blauegrootdoor.de\/wp-content\/uploads\/2023\/07\/Sehenswuerdigkeiten.png&#8220; title_text=&#8220;Sehensw\u00fcrdigkeiten&#8220; url=&#8220;https:\/\/blauegrootdoor.de\/wp-content\/uploads\/2023\/07\/Sehenswuerdigkeiten.png&#8220; url_new_window=&#8220;on&#8220; force_fullwidth=&#8220;on&#8220; align_tablet=&#8220;center&#8220; align_phone=&#8220;center&#8220; align_last_edited=&#8220;on|desktop&#8220; _builder_version=&#8220;4.21.0&#8243; custom_margin_tablet=&#8220;||0px|&#8220; locked=&#8220;off&#8220; global_colors_info=&#8220;{}&#8220;][\/et_pb_image][et_pb_text _builder_version=&#8220;4.21.0&#8243; text_font=&#8220;||||||||&#8220; text_line_height=&#8220;2em&#8220; header_font=&#8220;||||||||&#8220; header_3_font=&#8220;Raleway|700|||||||&#8220; header_3_font_size=&#8220;20px&#8220; header_3_line_height=&#8220;1.2em&#8220; header_3_font_size_tablet=&#8220;35px&#8220; header_3_font_size_phone=&#8220;25px&#8220; header_3_font_size_last_edited=&#8220;on|phone&#8220; locked=&#8220;off&#8220; global_colors_info=&#8220;{}&#8220;]<\/p>\n<h3 style=\"text-align: center;\">Die Umgebung entdecken<\/h3>\n<p><span>Von Meyenburg aus gibt es \u00a0Wanderweg- und Radfahrrouten. Au\u00dferdem im Umkreis e<\/span>rreichbar sind weitere &#8222;Highlights&#8220;:<\/p>\n<p><span><\/span>.\u00a0<a href=\"https:\/\/dah-bremerhaven.de\" target=\"_blank\" rel=\"noopener\">Auswandererhaus (Bremerhaven)<\/a><br \/><a href=\"https:\/\/dah-bremerhaven.de\">.<\/a><a href=\"https:\/\/dah-bremerhaven.de\">\u00a0<\/a><a href=\"https:\/\/www.ndr.de\/ratgeber\/reise\/weser_weserbergland\/Harriersand-Idyllische-Insel-in-der-Weser,harriersand111.html\" target=\"_blank\" rel=\"noopener\">Harriersand<\/a>\u00a0\u2013 die l\u00e4ngste Flussinsel Europas<br \/>. <a href=\"https:\/\/zoo-am-meer-bremerhaven.de\" target=\"_blank\" rel=\"noopener\">Zoo am Meer (Bremerhaven)<\/a><br \/>. <a href=\"https:\/\/www.denkort-bunker-valentin.de\/startseite.html\" target=\"_blank\" rel=\"noopener\">Denkort Bunker Valentin (Bremen -Farge)<\/a><br \/>. <a href=\"https:\/\/de.wikipedia.org\/wiki\/Ganggrab_bei_Meyenburg\" target=\"_blank\" rel=\"noopener\">H\u00fcnengr\u00e4ber<\/a> (Meyenburg)<br \/>. <a href=\"https:\/\/burg-zu-hagen.de\" target=\"_blank\" rel=\"noopener\">Burg zu Hagen<\/a> (im Bremischen)<span><\/span><\/p>\n<p><span><\/span><\/p>\n<p>[\/et_pb_text][\/et_pb_column][\/et_pb_row][\/et_pb_section][et_pb_section fb_built=&#8220;1&#8243; admin_label=&#8220;Testimonial&#8220; _builder_version=&#8220;4.21.0&#8243; background_enable_image=&#8220;off&#8220; custom_padding=&#8220;3vw|0px|3vw|0px|false|false&#8220; border_width_top=&#8220;1px&#8220; border_color_top=&#8220;#0C71C3&#8243; global_colors_info=&#8220;{}&#8220;][et_pb_row column_structure=&#8220;1_4,1_2,1_4&#8243; _builder_version=&#8220;4.16&#8243; global_colors_info=&#8220;{}&#8220;][et_pb_column type=&#8220;1_4&#8243; _builder_version=&#8220;4.16&#8243; custom_padding=&#8220;|||&#8220; global_colors_info=&#8220;{}&#8220; custom_padding__hover=&#8220;|||&#8220;][\/et_pb_column][et_pb_column type=&#8220;1_2&#8243; _builder_version=&#8220;4.16&#8243; custom_padding=&#8220;|||&#8220; global_colors_info=&#8220;{}&#8220; custom_padding__hover=&#8220;|||&#8220;][et_pb_testimonial author=&#8220;Kommentar der ersten Urlaubsg\u00e4ste Glency &#038; Jan&#8220; _builder_version=&#8220;4.21.0&#8243; _module_preset=&#8220;default&#8220; author_line_height=&#8220;1em&#8220; global_colors_info=&#8220;{}&#8220;]<\/p>\n<p style=\"text-align: left;\"><em>Wir kommen wieder &#8211; keine Frage!<\/em><\/p>\n<p>[\/et_pb_testimonial][et_pb_testimonial author=&#8220;Familie W.&#8220; _builder_version=&#8220;4.21.2&#8243; _module_preset=&#8220;default&#8220; author_text_align=&#8220;right&#8220; author_line_height=&#8220;1em&#8220; text_orientation=&#8220;right&#8220; hover_enabled=&#8220;0&#8243; global_colors_info=&#8220;{}&#8220; sticky_enabled=&#8220;0&#8243;]<\/p>\n<p style=\"text-align: right;\"><em>In diesem Haus wohnen wir?! \u2013 Der Urlaub kann beginnen!<br \/>Es war eine perfekte und detailverliebte Mischung aus Romantik und Komfort.<\/em><\/p>\n<p>[\/et_pb_testimonial][\/et_pb_column][et_pb_column type=&#8220;1_4&#8243; _builder_version=&#8220;4.16&#8243; custom_padding=&#8220;|||&#8220; global_colors_info=&#8220;{}&#8220; custom_padding__hover=&#8220;|||&#8220;][\/et_pb_column][\/et_pb_row][\/et_pb_section][et_pb_section fb_built=&#8220;1&#8243; _builder_version=&#8220;4.21.0&#8243; _module_preset=&#8220;default&#8220; border_width_top=&#8220;1px&#8220; border_color_top=&#8220;#0C71C3&#8243; global_colors_info=&#8220;{}&#8220;][et_pb_row column_structure=&#8220;1_3,1_3,1_3&#8243; _builder_version=&#8220;4.16&#8243; global_colors_info=&#8220;{}&#8220;][et_pb_column type=&#8220;1_3&#8243; _builder_version=&#8220;4.16&#8243; custom_padding=&#8220;|||&#8220; global_colors_info=&#8220;{}&#8220; custom_padding__hover=&#8220;|||&#8220;][et_pb_icon font_icon=&#8220;&#xe068;||fa||900&#8243; _builder_version=&#8220;4.21.0&#8243; _module_preset=&#8220;default&#8220; global_colors_info=&#8220;{}&#8220;][\/et_pb_icon][et_pb_text _builder_version=&#8220;4.21.0&#8243; text_font=&#8220;||||||||&#8220; text_line_height=&#8220;2em&#8220; header_font=&#8220;||||||||&#8220; header_3_font=&#8220;Raleway|700|||||||&#8220; header_3_font_size=&#8220;20px&#8220; header_3_line_height=&#8220;1.2em&#8220; header_3_font_size_tablet=&#8220;35px&#8220; header_3_font_size_phone=&#8220;25px&#8220; header_3_font_size_last_edited=&#8220;on|phone&#8220; locked=&#8220;off&#8220; global_colors_info=&#8220;{}&#8220;]<\/p>\n<h3 style=\"text-align: center;\">\u00dcber uns<\/h3>\n<p style=\"text-align: center;\">Wir sind die Br\u00fcder <strong>Dominik und Till<\/strong>.<\/p>\n<p style=\"text-align: center;\">Unsere Eltern haben das denkmalgesch\u00fctzte Reetdach-Fachwerkhaus Ende der 1980er Jahre saniert und liebevoll restauriert.<\/p>\n<p style=\"text-align: center;\">Wir durften in diesem Haus &#8222;gro\u00df werden&#8220;. Eine Wohn- und Lebenskultur, die wir auch Ihnen erm\u00f6glichen m\u00f6chten.\u00a0<\/p>\n<p>[\/et_pb_text][\/et_pb_column][et_pb_column type=&#8220;1_3&#8243; _builder_version=&#8220;4.16&#8243; custom_padding=&#8220;|||&#8220; global_colors_info=&#8220;{}&#8220; custom_padding__hover=&#8220;|||&#8220;][et_pb_icon font_icon=&#8220;&#xf0e0;||fa||400&#8243; _builder_version=&#8220;4.21.0&#8243; _module_preset=&#8220;default&#8220; global_colors_info=&#8220;{}&#8220;][\/et_pb_icon][et_pb_text _builder_version=&#8220;4.21.0&#8243; text_font=&#8220;||||||||&#8220; text_line_height=&#8220;2em&#8220; header_font=&#8220;||||||||&#8220; header_3_font=&#8220;Raleway|700|||||||&#8220; header_3_font_size=&#8220;20px&#8220; header_3_line_height=&#8220;1.2em&#8220; header_3_font_size_tablet=&#8220;35px&#8220; header_3_font_size_phone=&#8220;25px&#8220; header_3_font_size_last_edited=&#8220;on|phone&#8220; locked=&#8220;off&#8220; global_colors_info=&#8220;{}&#8220;]<\/p>\n<h3 style=\"text-align: center;\">Kontakt<\/h3>\n<p style=\"text-align: center;\">Mail: <a href=\"mailto:kontakt@blauegrootdoor.de\">kontakt@blauegrootdoor.de<\/a><br \/>Dominik: +49 170 33 49 480<br \/>Till: +49 177 270 30 14<\/p>\n<p>[\/et_pb_text][\/et_pb_column][et_pb_column type=&#8220;1_3&#8243; _builder_version=&#8220;4.16&#8243; custom_padding=&#8220;|||&#8220; global_colors_info=&#8220;{}&#8220; custom_padding__hover=&#8220;|||&#8220;][et_pb_icon font_icon=&#8220;&#xe01d;||divi||400&#8243; _builder_version=&#8220;4.21.0&#8243; _module_preset=&#8220;default&#8220; global_colors_info=&#8220;{}&#8220;][\/et_pb_icon][et_pb_text _builder_version=&#8220;4.21.0&#8243; text_font=&#8220;||||||||&#8220; text_line_height=&#8220;2em&#8220; header_font=&#8220;||||||||&#8220; header_3_font=&#8220;Raleway|700|||||||&#8220; header_3_font_size=&#8220;20px&#8220; header_3_line_height=&#8220;1.2em&#8220; header_3_font_size_tablet=&#8220;35px&#8220; header_3_font_size_phone=&#8220;25px&#8220; header_3_font_size_last_edited=&#8220;on|phone&#8220; locked=&#8220;off&#8220; global_colors_info=&#8220;{}&#8220;]<\/p>\n<h3 style=\"text-align: center;\">Adresse<\/h3>\n<p style=\"text-align: center;\">Meyenburger Damm 16<br \/>28790 Schwanewede<\/p>\n<p>[\/et_pb_text][\/et_pb_column][\/et_pb_row][\/et_pb_section]<\/p>","protected":false},"excerpt":{"rendered":"<p>Entspannen unter Reet Blaue GrootdoorFerienwohnungBlaue Grootdoor Unsere Ferienwohnung (EG\/barrierefrei) mit ca. 135 m\u00b2\u00a0 verf\u00fcgt \u00fcber einen gro\u00dfen Wohn-Ess-Bereich, zwei Schlafzimmer (\u00e0 zwei Personen) und ein Badezimmer. Im Garten k\u00f6nnen Sie unter alten Apfelb\u00e4umen entspannen. \u00a0 Seit Juli 2023 steht das Haus als Ferienwohnung zur Verf\u00fcgung. \u00a0Meyenburg entdecken Das historische Dorf Meyenburg l\u00e4dt mit seinem besonderen [&hellip;]<\/p>","protected":false},"author":1,"featured_media":0,"parent":0,"menu_order":0,"comment_status":"closed","ping_status":"open","template":"","meta":{"_et_pb_use_builder":"on","_et_pb_old_content":"<!-- wp:paragraph -->\n<p>Dies ist deine Homepage. Sie unterscheidet sich von Beitr\u00e4gen, da sie stets an derselben Stelle bleibt und (bei den meisten Themes) in der Website-Navigation angezeigt wird.<\/p>\n<!-- \/wp:paragraph -->\n\n<!-- wp:paragraph -->\n<p>Als angemeldeter WordPress Nutzer kannst du diese Seite \u00fcber den <strong>Seite bearbeiten<\/strong> Link in der Toolbar, anpassen. Du kannst die Seite nutzen um dich bzw. deine Firma deinen m\u00f6glichen Besucher vorzustellen. Dort k\u00f6nnte zum Beispiel stehen:<\/p>\n<!-- \/wp:paragraph -->\n\n<!-- wp:quote -->\n<blockquote class=\"wp-block-quote\">\n    <p>Hallo! Ich bin tags\u00fcber im Kurierdienst t\u00e4tig, nachts widme ich mich der Schauspielkunst, und das ist meine Website. Ich lebe in einer Gro\u00dfstadt, habe einen tollen Hund und ich mag Getr\u00e4nke mit Schirmchen (aber nicht ohne Schirm im Regen zu stehen).<\/p>\n<\/blockquote>\n<!-- \/wp:quote -->\n\n<!-- wp:paragraph -->\n<p>...oder so etwas wie das hier:<\/p>\n<!-- \/wp:paragraph -->\n\n<!-- wp:quote -->\n<blockquote class=\"wp-block-quote\">\n    <p>Das Unternehmen XYZ wurde 1971 gegr\u00fcndet und versorgt die \u00d6ffentlichkeit seither mit qualitativ hochwertigen Produkten. An seinem Standort in einer kleinen Gro\u00dfstadt besch\u00e4ftigt der Betrieb \u00fcber 2.000 Menschen und unterst\u00fctzt die Stadtbewohner in vielfacher Hinsicht.<\/p>\n<\/blockquote>\n<!-- \/wp:quote -->\n\n<!-- wp:paragraph -->\n<p>Solltest du es bevorzugen, die neusten Artikel auf deiner Startseite zu pr\u00e4sentieren, solltest du in deinen <a href='http:\/\/blauegrootdoor.de\/wp-admin\/options-reading.php'>Einstellungen<\/a> unter \u201eDeine Startseite zeigt\u201c die Option \u201eDeine letzten Beitr\u00e4ge\u201c ausw\u00e4hlen.<\/p>\n<!-- \/wp:paragraph -->\n\n<!-- wp:paragraph -->\n<p>Viel Spa\u00df!<\/p>\n<!-- \/wp:paragraph -->","_et_gb_content_width":"","footnotes":""},"_links":{"self":[{"href":"https:\/\/blauegrootdoor.de\/en\/wp-json\/wp\/v2\/pages\/4"}],"collection":[{"href":"https:\/\/blauegrootdoor.de\/en\/wp-json\/wp\/v2\/pages"}],"about":[{"href":"https:\/\/blauegrootdoor.de\/en\/wp-json\/wp\/v2\/types\/page"}],"author":[{"embeddable":true,"href":"https:\/\/blauegrootdoor.de\/en\/wp-json\/wp\/v2\/users\/1"}],"replies":[{"embeddable":true,"href":"https:\/\/blauegrootdoor.de\/en\/wp-json\/wp\/v2\/comments?post=4"}],"version-history":[{"count":81,"href":"https:\/\/blauegrootdoor.de\/en\/wp-json\/wp\/v2\/pages\/4\/revisions"}],"predecessor-version":[{"id":867,"href":"https:\/\/blauegrootdoor.de\/en\/wp-json\/wp\/v2\/pages\/4\/revisions\/867"}],"wp:attachment":[{"href":"https:\/\/blauegrootdoor.de\/en\/wp-json\/wp\/v2\/media?parent=4"}],"curies":[{"name":"wp","href":"https:\/\/api.w.org\/{rel}","templated":true}]}}