{"id":404,"date":"2023-07-26T17:36:49","date_gmt":"2023-07-26T15:36:49","guid":{"rendered":"https:\/\/blauegrootdoor.de\/?page_id=404"},"modified":"2023-10-09T18:56:04","modified_gmt":"2023-10-09T16:56:04","slug":"preise","status":"publish","type":"page","link":"https:\/\/blauegrootdoor.de\/en\/preise\/","title":{"rendered":"Preise"},"content":{"rendered":"<p>[et_pb_section fb_built=&#8220;1&#8243; admin_label=&#8220;Header&#8220; _builder_version=&#8220;4.21.0&#8243; use_background_color_gradient=&#8220;on&#8220; background_color_gradient_type=&#8220;circular&#8220; background_color_gradient_direction_radial=&#8220;top left&#8220; background_color_gradient_stops=&#8220;rgba(255,255,255,0.89) 30%|rgba(255,255,255,0) 80%&#8220; background_color_gradient_overlays_image=&#8220;on&#8220; background_color_gradient_start=&#8220;rgba(255,255,255,0.89)&#8220; background_color_gradient_start_position=&#8220;30%&#8220; background_color_gradient_end=&#8220;rgba(255,255,255,0)&#8220; background_color_gradient_end_position=&#8220;80%&#8220; background_image=&#8220;https:\/\/blauegrootdoor.de\/wp-content\/uploads\/2023\/07\/BG_Seiteneingang_1080-800.jpg&#8220; custom_margin=&#8220;|||&#8220; custom_padding=&#8220;8vw||||false|false&#8220; global_colors_info=&#8220;{}&#8220;][et_pb_row _builder_version=&#8220;4.16&#8243; global_colors_info=&#8220;{}&#8220;][et_pb_column type=&#8220;4_4&#8243; _builder_version=&#8220;4.16&#8243; custom_padding=&#8220;|||&#8220; global_colors_info=&#8220;{}&#8220; custom_padding__hover=&#8220;|||&#8220;][et_pb_text _builder_version=&#8220;4.21.0&#8243; text_font=&#8220;||||||||&#8220; header_font=&#8220;Raleway|700|||||||&#8220; header_font_size=&#8220;80px&#8220; header_line_height=&#8220;1.2em&#8220; header_5_font=&#8220;Raleway|700||on|||||&#8220; header_5_text_color=&#8220;#1f4e79&#8243; header_5_font_size=&#8220;20px&#8220; header_5_letter_spacing=&#8220;0.5em&#8220; header_5_line_height=&#8220;1.8em&#8220; animation_style=&#8220;zoom&#8220; animation_intensity_zoom=&#8220;5%&#8220; header_font_size_tablet=&#8220;48px&#8220; header_font_size_phone=&#8220;32px&#8220; header_font_size_last_edited=&#8220;on|phone&#8220; header_5_font_size_tablet=&#8220;14px&#8220; header_5_font_size_phone=&#8220;12px&#8220; header_5_font_size_last_edited=&#8220;on|desktop&#8220; inline_fonts=&#8220;Cutive&#8220; global_colors_info=&#8220;{}&#8220;]<\/p>\n<h5>Blaue Grootdoor<\/h5>\n<h1><span style=\"color: #444444;\">Preise\u00a0<\/span><\/h1>\n<p>[\/et_pb_text][\/et_pb_column][\/et_pb_row][et_pb_row column_structure=&#8220;3_5,2_5&#8243; _builder_version=&#8220;4.21.0&#8243; _module_preset=&#8220;default&#8220; global_colors_info=&#8220;{}&#8220;][et_pb_column type=&#8220;3_5&#8243; _builder_version=&#8220;4.21.0&#8243; _module_preset=&#8220;default&#8220; global_colors_info=&#8220;{}&#8220;][et_pb_button button_url=&#8220;@ET-DC@eyJkeW5hbWljIjp0cnVlLCJjb250ZW50IjoicG9zdF9saW5rX3VybF9wYWdlIiwic2V0dGluZ3MiOnsicG9zdF9pZCI6Ijg2In19@&#8220; button_text=&#8220;Buchungsanfrage&#8220; button_alignment=&#8220;left&#8220; _builder_version=&#8220;4.21.0&#8243; _dynamic_attributes=&#8220;button_url&#8220; _module_preset=&#8220;default&#8220; animation_style=&#8220;zoom&#8220; global_colors_info=&#8220;{}&#8220;][\/et_pb_button][\/et_pb_column][et_pb_column type=&#8220;2_5&#8243; _builder_version=&#8220;4.21.0&#8243; _module_preset=&#8220;default&#8220; global_colors_info=&#8220;{}&#8220;][\/et_pb_column][\/et_pb_row][\/et_pb_section][et_pb_section fb_built=&#8220;1&#8243; admin_label=&#8220;About&#8220; _builder_version=&#8220;4.16&#8243; global_colors_info=&#8220;{}&#8220;][et_pb_row _builder_version=&#8220;4.21.0&#8243; _module_preset=&#8220;default&#8220; global_colors_info=&#8220;{}&#8220;][et_pb_column type=&#8220;4_4&#8243; _builder_version=&#8220;4.21.0&#8243; _module_preset=&#8220;default&#8220; global_colors_info=&#8220;{}&#8220;][et_pb_pricing_tables _builder_version=&#8220;4.22.2&#8243; _module_preset=&#8220;default&#8220; hover_enabled=&#8220;0&#8243; global_colors_info=&#8220;{}&#8220; sticky_enabled=&#8220;0&#8243;][et_pb_pricing_table title=&#8220;1 Person&#8220; subtitle=&#8220;pro Nacht&#8220; currency=&#8220;\u20ac&#8220; sum=&#8220;90&#8243; _builder_version=&#8220;4.21.0&#8243; _dynamic_attributes=&#8220;link_option_url&#8220; _module_preset=&#8220;default&#8220; link_option_url=&#8220;@ET-DC@eyJkeW5hbWljIjp0cnVlLCJjb250ZW50IjoicG9zdF9saW5rX3VybF9wYWdlIiwic2V0dGluZ3MiOnsicG9zdF9pZCI6Ijg2In19@&#8220; global_colors_info=&#8220;{}&#8220; sticky_transition=&#8220;on&#8220;]<\/p>\n<p>inkl. Bettw\u00e4sche und Handt\u00fccher<\/p>\n<p>inkl. Endreinigung<\/p>\n<p><span>Mindestbuchungsdauer: 2 N\u00e4chte<\/span><\/p>\n<p>[\/et_pb_pricing_table][et_pb_pricing_table title=&#8220;2 Personen&#8220; subtitle=&#8220;pro Nacht&#8220; currency=&#8220;\u20ac&#8220; sum=&#8220;110&#8243; _builder_version=&#8220;4.21.0&#8243; _dynamic_attributes=&#8220;link_option_url&#8220; _module_preset=&#8220;default&#8220; link_option_url=&#8220;@ET-DC@eyJkeW5hbWljIjp0cnVlLCJjb250ZW50IjoicG9zdF9saW5rX3VybF9wYWdlIiwic2V0dGluZ3MiOnsicG9zdF9pZCI6Ijg2In19@&#8220; global_colors_info=&#8220;{}&#8220; sticky_transition=&#8220;on&#8220;]<\/p>\n<p>inkl. Bettw\u00e4sche und Handt\u00fccher<\/p>\n<p>inkl. Endreinigung<\/p>\n<p><span>Mindestbuchungsdauer: 2 N\u00e4chte<\/span><\/p>\n<p>[\/et_pb_pricing_table][et_pb_pricing_table title=&#8220;3\u20134 Personen&#8220; subtitle=&#8220;pro Nacht&#8220; currency=&#8220;ab \u20ac&#8220; sum=&#8220;130&#8243; _builder_version=&#8220;4.22.2&#8243; _dynamic_attributes=&#8220;link_option_url&#8220; _module_preset=&#8220;default&#8220; link_option_url=&#8220;@ET-DC@eyJkeW5hbWljIjp0cnVlLCJjb250ZW50IjoicG9zdF9saW5rX3VybF9wYWdlIiwic2V0dGluZ3MiOnsicG9zdF9pZCI6Ijg2In19@&#8220; hover_enabled=&#8220;0&#8243; global_colors_info=&#8220;{}&#8220; sticky_transition=&#8220;on&#8220; sticky_enabled=&#8220;0&#8243;]<\/p>\n<p>Erwachsene kosten ab der 3. Person: 20 \u20ac \/ Nacht &amp; Person auf den Tarif &#8222;2 Personen&#8220;<\/p>\n<p><span style=\"text-decoration: underline;\">Familienrabatt: Kinder bis 2 Jahre sind kostenlos; Kinder zwischen 3 und 16 Jahren kosten 7,50 \u20ac \/ Nacht und Kind<\/span><\/p>\n<p>inkl. Bettw\u00e4sche und Handt\u00fccher<\/p>\n<p>inkl. Endreinigung<\/p>\n<p><span>Mindestbuchungsdauer: 2 N\u00e4chte<\/span><\/p>\n<p>[\/et_pb_pricing_table][\/et_pb_pricing_tables][\/et_pb_column][\/et_pb_row][et_pb_row _builder_version=&#8220;4.21.0&#8243; _module_preset=&#8220;default&#8220; global_colors_info=&#8220;{}&#8220;][et_pb_column type=&#8220;4_4&#8243; _builder_version=&#8220;4.21.0&#8243; _module_preset=&#8220;default&#8220; global_colors_info=&#8220;{}&#8220;][et_pb_text _builder_version=&#8220;4.21.0&#8243; _module_preset=&#8220;default&#8220; global_colors_info=&#8220;{}&#8220;]<\/p>\n<p>Sie bleiben eine Woche bei uns? Dann gelten folgende rabattierte Wochenpreise:<\/p>\n<p>[\/et_pb_text][\/et_pb_column][\/et_pb_row][et_pb_row _builder_version=&#8220;4.21.0&#8243; _module_preset=&#8220;default&#8220; global_colors_info=&#8220;{}&#8220;][et_pb_column type=&#8220;4_4&#8243; _builder_version=&#8220;4.21.0&#8243; _module_preset=&#8220;default&#8220; global_colors_info=&#8220;{}&#8220;][et_pb_pricing_tables _builder_version=&#8220;4.22.2&#8243; _module_preset=&#8220;default&#8220; hover_enabled=&#8220;0&#8243; global_colors_info=&#8220;{}&#8220; sticky_enabled=&#8220;0&#8243;][et_pb_pricing_table title=&#8220;1 Person&#8220; subtitle=&#8220;bei 7 N\u00e4chten insgesamt&#8220; currency=&#8220;\u20ac&#8220; sum=&#8220;570&#8243; _builder_version=&#8220;4.21.0&#8243; _dynamic_attributes=&#8220;link_option_url&#8220; _module_preset=&#8220;default&#8220; link_option_url=&#8220;@ET-DC@eyJkeW5hbWljIjp0cnVlLCJjb250ZW50IjoicG9zdF9saW5rX3VybF9wYWdlIiwic2V0dGluZ3MiOnsicG9zdF9pZCI6Ijg2In19@&#8220; global_colors_info=&#8220;{}&#8220; sticky_transition=&#8220;on&#8220;]<\/p>\n<p>inkl. Bettw\u00e4sche und Handt\u00fccher<\/p>\n<p>inkl. Endreinigung<\/p>\n<p>[\/et_pb_pricing_table][et_pb_pricing_table title=&#8220;2 Personen&#8220; subtitle=&#8220;bei 7 N\u00e4chten insgesamt&#8220; currency=&#8220;\u20ac&#8220; sum=&#8220;700&#8243; _builder_version=&#8220;4.21.0&#8243; _dynamic_attributes=&#8220;link_option_url&#8220; _module_preset=&#8220;default&#8220; link_option_url=&#8220;@ET-DC@eyJkeW5hbWljIjp0cnVlLCJjb250ZW50IjoicG9zdF9saW5rX3VybF9wYWdlIiwic2V0dGluZ3MiOnsicG9zdF9pZCI6Ijg2In19@&#8220; global_colors_info=&#8220;{}&#8220; sticky_transition=&#8220;on&#8220;]<\/p>\n<p>inkl. Bettw\u00e4sche und Handt\u00fccher<\/p>\n<p>inkl. Endreinigung<\/p>\n<p>[\/et_pb_pricing_table][et_pb_pricing_table title=&#8220;3\u20134 Personen&#8220; subtitle=&#8220;bei 7 N\u00e4chten insgesamt&#8220; currency=&#8220;ab \u20ac&#8220; sum=&#8220;825&#8243; _builder_version=&#8220;4.22.2&#8243; _dynamic_attributes=&#8220;link_option_url&#8220; _module_preset=&#8220;default&#8220; link_option_url=&#8220;@ET-DC@eyJkeW5hbWljIjp0cnVlLCJjb250ZW50IjoicG9zdF9saW5rX3VybF9wYWdlIiwic2V0dGluZ3MiOnsicG9zdF9pZCI6Ijg2In19@&#8220; hover_enabled=&#8220;0&#8243; global_colors_info=&#8220;{}&#8220; sticky_transition=&#8220;on&#8220; sticky_enabled=&#8220;0&#8243;]<\/p>\n<p>Erwachsene kosten ab der 3. Person: 125 \u20ac \/ Woche &amp; Person auf den Tarif &#8222;2 Personen&#8220;<\/p>\n<p><span style=\"text-decoration: underline;\">Familienrabatt: Kinder bis 2 Jahre sind kostenlos; sofern Kinder zwischen 3 und 16 Jahren mitreisen erhalten Sie 7,5 % Rabatt auf den Wochenpreis<\/span><\/p>\n<p>inkl. Bettw\u00e4sche und Handt\u00fccher<\/p>\n<p>inkl. Endreinigung<\/p>\n<p>[\/et_pb_pricing_table][\/et_pb_pricing_tables][\/et_pb_column][\/et_pb_row][et_pb_row _builder_version=&#8220;4.21.0&#8243; _module_preset=&#8220;default&#8220; global_colors_info=&#8220;{}&#8220;][et_pb_column type=&#8220;4_4&#8243; _builder_version=&#8220;4.21.0&#8243; _module_preset=&#8220;default&#8220; global_colors_info=&#8220;{}&#8220;][et_pb_text _builder_version=&#8220;4.21.0&#8243; _module_preset=&#8220;default&#8220; global_colors_info=&#8220;{}&#8220;]<\/p>\n<p>Sie m\u00f6chten l\u00e4nger bleiben? Kein Problem! Stellen Sie eine <a href=\"https:\/\/blauegrootdoor.de\/en\/verfuegbarkeit\/\">Buchungsanfrage<\/a> \u00fcber das Formular und wir melden uns bei Ihnen.<\/p>\n<p>[\/et_pb_text][\/et_pb_column][\/et_pb_row][\/et_pb_section]<\/p>","protected":false},"excerpt":{"rendered":"<p>Blaue Grootdoor Preise\u00a0inkl. Bettw\u00e4sche und Handt\u00fccher inkl. Endreinigung Mindestbuchungsdauer: 2 N\u00e4chteinkl. Bettw\u00e4sche und Handt\u00fccher inkl. Endreinigung Mindestbuchungsdauer: 2 N\u00e4chteErwachsene kosten ab der 3. Person: 20 \u20ac \/ Nacht &amp; Person auf den Tarif &#8222;2 Personen&#8220; Familienrabatt: Kinder bis 2 Jahre sind kostenlos; Kinder zwischen 3 und 16 Jahren kosten 7,50 \u20ac \/ Nacht und Kind [&hellip;]<\/p>","protected":false},"author":2,"featured_media":0,"parent":0,"menu_order":0,"comment_status":"closed","ping_status":"closed","template":"","meta":{"_et_pb_use_builder":"on","_et_pb_old_content":"","_et_gb_content_width":"","footnotes":""},"_links":{"self":[{"href":"https:\/\/blauegrootdoor.de\/en\/wp-json\/wp\/v2\/pages\/404"}],"collection":[{"href":"https:\/\/blauegrootdoor.de\/en\/wp-json\/wp\/v2\/pages"}],"about":[{"href":"https:\/\/blauegrootdoor.de\/en\/wp-json\/wp\/v2\/types\/page"}],"author":[{"embeddable":true,"href":"https:\/\/blauegrootdoor.de\/en\/wp-json\/wp\/v2\/users\/2"}],"replies":[{"embeddable":true,"href":"https:\/\/blauegrootdoor.de\/en\/wp-json\/wp\/v2\/comments?post=404"}],"version-history":[{"count":21,"href":"https:\/\/blauegrootdoor.de\/en\/wp-json\/wp\/v2\/pages\/404\/revisions"}],"predecessor-version":[{"id":923,"href":"https:\/\/blauegrootdoor.de\/en\/wp-json\/wp\/v2\/pages\/404\/revisions\/923"}],"wp:attachment":[{"href":"https:\/\/blauegrootdoor.de\/en\/wp-json\/wp\/v2\/media?parent=404"}],"curies":[{"name":"wp","href":"https:\/\/api.w.org\/{rel}","templated":true}]}}