{"id":69,"date":"2023-07-16T14:36:34","date_gmt":"2023-07-16T12:36:34","guid":{"rendered":"http:\/\/blauegrootdoor.de\/?page_id=69"},"modified":"2023-09-18T11:28:24","modified_gmt":"2023-09-18T09:28:24","slug":"ferienwohnung","status":"publish","type":"page","link":"https:\/\/blauegrootdoor.de\/en\/ferienwohnung\/","title":{"rendered":"Ferienwohnung"},"content":{"rendered":"<p>[et_pb_section fb_built=&#8220;1&#8243; admin_label=&#8220;Header&#8220; _builder_version=&#8220;4.21.0&#8243; use_background_color_gradient=&#8220;on&#8220; background_color_gradient_type=&#8220;circular&#8220; background_color_gradient_direction_radial=&#8220;top left&#8220; background_color_gradient_stops=&#8220;rgba(255,255,255,0.89) 30%|rgba(255,255,255,0) 80%&#8220; background_color_gradient_overlays_image=&#8220;on&#8220; background_color_gradient_start=&#8220;rgba(255,255,255,0.89)&#8220; background_color_gradient_start_position=&#8220;30%&#8220; background_color_gradient_end=&#8220;rgba(255,255,255,0)&#8220; background_color_gradient_end_position=&#8220;80%&#8220; background_image=&#8220;https:\/\/blauegrootdoor.de\/wp-content\/uploads\/2023\/07\/BG_EsseckeI_800-450.jpg&#8220; custom_padding=&#8220;8vw|0px|0|0px|false|false&#8220; global_colors_info=&#8220;{}&#8220;][et_pb_row _builder_version=&#8220;4.16&#8243; global_colors_info=&#8220;{}&#8220;][et_pb_column type=&#8220;4_4&#8243; _builder_version=&#8220;4.16&#8243; custom_padding=&#8220;|||&#8220; global_colors_info=&#8220;{}&#8220; custom_padding__hover=&#8220;|||&#8220;][et_pb_text _builder_version=&#8220;4.21.0&#8243; text_font=&#8220;||||||||&#8220; header_font=&#8220;Raleway|700|||||||&#8220; header_text_color=&#8220;#1f4e79&#8243; header_font_size=&#8220;80px&#8220; header_line_height=&#8220;1.2em&#8220; header_5_font=&#8220;Raleway|700||on|||||&#8220; header_5_text_color=&#8220;#000000&#8243; header_5_font_size=&#8220;20px&#8220; header_5_letter_spacing=&#8220;0.5em&#8220; header_5_line_height=&#8220;1.8em&#8220; animation_style=&#8220;zoom&#8220; animation_intensity_zoom=&#8220;5%&#8220; header_font_size_tablet=&#8220;48px&#8220; header_font_size_phone=&#8220;32px&#8220; header_font_size_last_edited=&#8220;on|phone&#8220; header_5_font_size_tablet=&#8220;14px&#8220; header_5_font_size_phone=&#8220;12px&#8220; header_5_font_size_last_edited=&#8220;on|desktop&#8220; global_colors_info=&#8220;{}&#8220;]<\/p>\n<h5>Ferienwohnung<\/h5>\n<h1>Blaue Grootdoor<\/h1>\n<p>[\/et_pb_text][\/et_pb_column][\/et_pb_row][et_pb_row column_structure=&#8220;3_5,2_5&#8243; _builder_version=&#8220;4.21.0&#8243; _module_preset=&#8220;default&#8220; global_colors_info=&#8220;{}&#8220;][et_pb_column type=&#8220;3_5&#8243; _builder_version=&#8220;4.21.0&#8243; _module_preset=&#8220;default&#8220; global_colors_info=&#8220;{}&#8220;][et_pb_button button_url=&#8220;@ET-DC@eyJkeW5hbWljIjp0cnVlLCJjb250ZW50IjoicG9zdF9saW5rX3VybF9wYWdlIiwic2V0dGluZ3MiOnsicG9zdF9pZCI6Ijg2In19@&#8220; button_text=&#8220;Buchungsanfrage&#8220; button_alignment=&#8220;left&#8220; _builder_version=&#8220;4.21.0&#8243; _dynamic_attributes=&#8220;button_url&#8220; _module_preset=&#8220;default&#8220; animation_style=&#8220;zoom&#8220; global_colors_info=&#8220;{}&#8220;][\/et_pb_button][\/et_pb_column][et_pb_column type=&#8220;2_5&#8243; _builder_version=&#8220;4.21.0&#8243; _module_preset=&#8220;default&#8220; global_colors_info=&#8220;{}&#8220;][\/et_pb_column][\/et_pb_row][\/et_pb_section][et_pb_section fb_built=&#8220;1&#8243; admin_label=&#8220;Room Details&#8220; _builder_version=&#8220;4.16&#8243; global_colors_info=&#8220;{}&#8220;][et_pb_row column_structure=&#8220;3_5,2_5&#8243; _builder_version=&#8220;4.16&#8243; custom_margin=&#8220;-36px|auto||auto||&#8220; global_colors_info=&#8220;{}&#8220;][et_pb_column type=&#8220;3_5&#8243; _builder_version=&#8220;4.16&#8243; custom_padding=&#8220;|||&#8220; global_colors_info=&#8220;{}&#8220; custom_padding__hover=&#8220;|||&#8220;][et_pb_text _builder_version=&#8220;4.21.2&#8243; text_font=&#8220;||||||||&#8220; text_font_size=&#8220;16px&#8220; text_line_height=&#8220;2em&#8220; header_font=&#8220;||||||||&#8220; header_2_font=&#8220;Raleway|700|||||||&#8220; header_2_font_size=&#8220;50px&#8220; header_2_line_height=&#8220;1.2em&#8220; header_6_font=&#8220;Raleway|700||on|||||&#8220; header_6_font_size=&#8220;16px&#8220; header_6_letter_spacing=&#8220;5px&#8220; header_6_line_height=&#8220;1.2em&#8220; max_width=&#8220;700px&#8220; max_width_last_edited=&#8220;off|desktop&#8220; hover_enabled=&#8220;0&#8243; header_2_font_size_tablet=&#8220;35px&#8220; header_2_font_size_phone=&#8220;25px&#8220; header_2_font_size_last_edited=&#8220;on|phone&#8220; global_colors_info=&#8220;{}&#8220; sticky_enabled=&#8220;0&#8243;]<\/p>\n<p style=\"text-align: justify;\">Die Ferienwohnung ist f\u00fcr kurze wie l\u00e4ngere Aufenthalte sehr gut ausgestattet. Bis zu <strong>vier Personen<\/strong> haben Platz bei uns.<\/p>\n<p style=\"text-align: justify;\">Eine <strong>voll ausgestattete K\u00fcche<\/strong> l\u00e4dt zu gem\u00fctlichen Kochabenden ein. Im offenen Ess- und Wohnbereich gibt es einen Esstisch f\u00fcr bis zu sechs Personen.<\/p>\n<p style=\"text-align: justify;\">Es stehen <strong>zwei Schlafzimmer<\/strong> f\u00fcr jeweils zwei Personen zur Verf\u00fcgung. In dem gr\u00f6\u00dferem Schlafzimmer schlafen Sie auf einem elektrisch verstellbaren Boxspringbett (180&#215;200). Im anderen Schlafzimmer steht ein ausgezogenes HEMNES-Bett (140x200m) f\u00fcr unsere G\u00e4ste bereit. Das <strong>Badezimmer<\/strong> ist mit Dusche, WC und zwei Waschgelegenheiten (nicht r\u00e4umlich abgetrennt) sowie entsprechenden Ablage- und Verstaum\u00f6glichkeiten ausgestattet.<\/p>\n<p style=\"text-align: justify;\">F\u00fcr Fernsehfreund:innen steht ein\u00a0<strong>Fernseher<\/strong> im Wohnzimmerbereich. Im offenen Wohnraum gibt es r\u00e4umlich angrenzend einen Schreibtisch mit Monitor, Tastatur (USB-Anschluss) und B\u00fcroutensilien. <strong>WLAN<\/strong> ist selbstverst\u00e4ndlich vorhanden.<\/p>\n<p style=\"text-align: justify;\">\n<p style=\"text-align: justify;\">Im <strong>zugeh\u00f6rigen Gartenbereich<\/strong>\u00a0haben Sie die M\u00f6glichkeit, unter einem alten Apfelbaum zu entspannen. Sitzgelegenenheiten sind vorhanden.<\/p>\n<p style=\"text-align: justify;\">Wir legen Wert auf die <strong>&#8222;kleinen Details&#8220;<\/strong> und m\u00f6chten Ihnen eine angenehme wie authentische Erholungszeit bei uns erm\u00f6glichen. Dazu geh\u00f6ren etwa typisch norddeutsch bedruckte Tischdecken, St\u00fchle nach Worpsweder-K\u00fcnstlerart oder ein Spaziergang durch Meyenburg, ein Dorf mit Geschichte am Geestrand.<\/p>\n<p style=\"text-align: justify;\"><strong>Kinder<\/strong> sind nat\u00fcrlich herzlich willkommen. Es steht aktuell ein Kinderstuhl zur Verf\u00fcgung. Nach Absprache versuchen wir weitere Erfordernisse (Kinderbett, etc.) zu erm\u00f6glichen.<\/p>\n<p style=\"text-align: justify;\">Die Wohnung ist <strong>barrierefrei<\/strong>. Keine<strong> Haustiere. <\/strong>Bitte beachten Sie ferner, dass es sich um eine\u00a0<strong>Nichtraucherwohnung<\/strong> handelt<strong>.<\/strong><\/p>\n<p style=\"text-align: justify;\"><strong><\/strong><\/p>\n<p style=\"text-align: justify;\">[\/et_pb_text][\/et_pb_column][et_pb_column type=&#8220;2_5&#8243; _builder_version=&#8220;4.16&#8243; custom_padding=&#8220;|||&#8220; global_colors_info=&#8220;{}&#8220; custom_padding__hover=&#8220;|||&#8220;][et_pb_text _builder_version=&#8220;4.21.2&#8243; header_4_font=&#8220;Raleway|700|||||||&#8220; header_4_font_size=&#8220;20px&#8220; header_4_line_height=&#8220;1.4em&#8220; hover_enabled=&#8220;0&#8243; global_colors_info=&#8220;{}&#8220; sticky_enabled=&#8220;0&#8243;]<\/p>\n<h4>Ausstattung<\/h4>\n<ul><\/ul>\n<ul>\n<li>vollausgestattete K\u00fcche, inkl. Nespresso-Kaffeemaschine, Backofen, Herd, K\u00fchl- und Gefrierfach, Mikrowelle<\/li>\n<li>Ess-Sitzgelegenheit f\u00fcr bis zu sechs Personen<\/li>\n<li>Zwei Barhocker am offenen Tresen<\/li>\n<li>Couch und Sessel f\u00fcr vier Personen<\/li>\n<li>Badezimmer mit Dusche, WC und zwei Waschgelegenheiten, F\u00f6hn<\/li>\n<li>Handt\u00fccher und Bettw\u00e4sche inkl.<\/li>\n<li>60-Zoll-Fernseher und SONOS-Lautsprecherbox<\/li>\n<li>Truhe mit Gesellschaftsspielen<\/li>\n<li>Tischkicker<\/li>\n<li>zahlreich vorhandene Lekt\u00fcre, u.a. zur Umgebung Ihres Urlaubsortes<\/li>\n<li>Schreibtisch inkl. Monitor, Tastatur, B\u00fcroutensilien<\/li>\n<li>Gartenzugang inkl. Gartenm\u00f6bel<\/li>\n<li>Waschmaschine und W\u00e4schetrockner<\/li>\n<li>Zwei Parkpl\u00e4tze direkt vor dem Haus<\/li>\n<li>Ofen f\u00fcr gem\u00fctliche Stunden im Winter (nach Absprache)<\/li>\n<\/ul>\n<p>[\/et_pb_text][\/et_pb_column][\/et_pb_row][et_pb_row _builder_version=&#8220;4.21.0&#8243; _module_preset=&#8220;default&#8220; hover_enabled=&#8220;0&#8243; border_width_top=&#8220;1px&#8220; global_colors_info=&#8220;{}&#8220; sticky_enabled=&#8220;0&#8243;][et_pb_column type=&#8220;4_4&#8243; _builder_version=&#8220;4.21.0&#8243; _module_preset=&#8220;default&#8220; global_colors_info=&#8220;{}&#8220;][et_pb_gallery gallery_ids=&#8220;183,182,643,185,642,51,176,645,600,640,646,438,253,651,439,644,641,648,649,650&#8243; posts_number=&#8220;20&#8243; show_title_and_caption=&#8220;off&#8220; show_pagination=&#8220;off&#8220; _builder_version=&#8220;4.21.0&#8243; _module_preset=&#8220;default&#8220; hover_enabled=&#8220;0&#8243; global_colors_info=&#8220;{}&#8220; sticky_enabled=&#8220;0&#8243;][\/et_pb_gallery][\/et_pb_column][\/et_pb_row][\/et_pb_section]<\/p>","protected":false},"excerpt":{"rendered":"<p>Ferienwohnung Blaue GrootdoorDie Ferienwohnung ist f\u00fcr kurze wie l\u00e4ngere Aufenthalte sehr gut ausgestattet. Bis zu vier Personen haben Platz bei uns. Eine voll ausgestattete K\u00fcche l\u00e4dt zu gem\u00fctlichen Kochabenden ein. Im offenen Ess- und Wohnbereich gibt es einen Esstisch f\u00fcr bis zu sechs Personen. Es stehen zwei Schlafzimmer f\u00fcr jeweils zwei Personen zur Verf\u00fcgung. In [&hellip;]<\/p>","protected":false},"author":1,"featured_media":0,"parent":0,"menu_order":0,"comment_status":"closed","ping_status":"closed","template":"","meta":{"_et_pb_use_builder":"on","_et_pb_old_content":"","_et_gb_content_width":"","footnotes":""},"_links":{"self":[{"href":"https:\/\/blauegrootdoor.de\/en\/wp-json\/wp\/v2\/pages\/69"}],"collection":[{"href":"https:\/\/blauegrootdoor.de\/en\/wp-json\/wp\/v2\/pages"}],"about":[{"href":"https:\/\/blauegrootdoor.de\/en\/wp-json\/wp\/v2\/types\/page"}],"author":[{"embeddable":true,"href":"https:\/\/blauegrootdoor.de\/en\/wp-json\/wp\/v2\/users\/1"}],"replies":[{"embeddable":true,"href":"https:\/\/blauegrootdoor.de\/en\/wp-json\/wp\/v2\/comments?post=69"}],"version-history":[{"count":62,"href":"https:\/\/blauegrootdoor.de\/en\/wp-json\/wp\/v2\/pages\/69\/revisions"}],"predecessor-version":[{"id":881,"href":"https:\/\/blauegrootdoor.de\/en\/wp-json\/wp\/v2\/pages\/69\/revisions\/881"}],"wp:attachment":[{"href":"https:\/\/blauegrootdoor.de\/en\/wp-json\/wp\/v2\/media?parent=69"}],"curies":[{"name":"wp","href":"https:\/\/api.w.org\/{rel}","templated":true}]}}