{"id":70,"date":"2023-07-16T14:36:34","date_gmt":"2023-07-16T12:36:34","guid":{"rendered":"http:\/\/blauegrootdoor.de\/?page_id=70"},"modified":"2023-10-27T10:20:06","modified_gmt":"2023-10-27T08:20:06","slug":"umgebung","status":"publish","type":"page","link":"https:\/\/blauegrootdoor.de\/en\/umgebung\/","title":{"rendered":"Umgebung"},"content":{"rendered":"<p>[et_pb_section fb_built=&#8220;1&#8243; admin_label=&#8220;Header&#8220; _builder_version=&#8220;4.21.0&#8243; background_image=&#8220;https:\/\/blauegrootdoor.de\/wp-content\/uploads\/2023\/08\/Collage-Umgebung-von-Meyenburg.png&#8220; min_height=&#8220;800.2px&#8220; min_height_tablet=&#8220;461px&#8220; min_height_phone=&#8220;239px&#8220; min_height_last_edited=&#8220;on|phone&#8220; custom_margin=&#8220;|||&#8220; custom_padding=&#8220;0vw||0vw||true|&#8220; global_colors_info=&#8220;{}&#8220;][et_pb_row _builder_version=&#8220;4.16&#8243; global_colors_info=&#8220;{}&#8220;][et_pb_column type=&#8220;4_4&#8243; _builder_version=&#8220;4.16&#8243; custom_padding=&#8220;|||&#8220; global_colors_info=&#8220;{}&#8220; custom_padding__hover=&#8220;|||&#8220;][\/et_pb_column][\/et_pb_row][\/et_pb_section][et_pb_section fb_built=&#8220;1&#8243; admin_label=&#8220;About&#8220; _builder_version=&#8220;4.16&#8243; global_colors_info=&#8220;{}&#8220;][et_pb_row custom_padding_last_edited=&#8220;on|desktop&#8220; _builder_version=&#8220;4.21.0&#8243; custom_margin=&#8220;-42px|auto||auto||&#8220; custom_padding=&#8220;27px|100px|27px|100px|false|false&#8220; custom_padding_tablet=&#8220;|0px||0px||true&#8220; custom_padding_phone=&#8220;&#8220; global_colors_info=&#8220;{}&#8220;][et_pb_column type=&#8220;4_4&#8243; _builder_version=&#8220;4.16&#8243; custom_padding=&#8220;|||&#8220; global_colors_info=&#8220;{}&#8220; custom_padding__hover=&#8220;|||&#8220;][et_pb_text _builder_version=&#8220;4.21.0&#8243; text_font=&#8220;||||||||&#8220; text_font_size=&#8220;16px&#8220; text_line_height=&#8220;2em&#8220; header_font=&#8220;||||||||&#8220; header_2_font=&#8220;Raleway|700|||||||&#8220; header_2_font_size=&#8220;50px&#8220; header_2_line_height=&#8220;1.2em&#8220; header_6_font=&#8220;Raleway|700||on|||||&#8220; header_6_font_size=&#8220;16px&#8220; header_6_letter_spacing=&#8220;5px&#8220; header_6_line_height=&#8220;1.8em&#8220; text_orientation=&#8220;center&#8220; max_width=&#8220;700px&#8220; max_width_last_edited=&#8220;off|desktop&#8220; module_alignment=&#8220;center&#8220; header_2_font_size_tablet=&#8220;35px&#8220; header_2_font_size_phone=&#8220;25px&#8220; header_2_font_size_last_edited=&#8220;on|phone&#8220; global_colors_info=&#8220;{}&#8220;]<\/p>\n<h2>Meyenburg<\/h2>\n<p><span><\/span><\/p>\n<p>[\/et_pb_text][\/et_pb_column][\/et_pb_row][et_pb_row column_structure=&#8220;1_3,1_3,1_3&#8243; _builder_version=&#8220;4.16&#8243; max_width=&#8220;510px&#8220; custom_margin=&#8220;-18px|auto||auto||&#8220; use_custom_width=&#8220;on&#8220; custom_width_px=&#8220;510px&#8220; global_colors_info=&#8220;{}&#8220;][et_pb_column type=&#8220;1_3&#8243; _builder_version=&#8220;4.16&#8243; custom_padding=&#8220;|||&#8220; global_colors_info=&#8220;{}&#8220; custom_padding__hover=&#8220;|||&#8220;][et_pb_number_counter title=&#8220;EinwohnerInnen&#8220; number=&#8220;1402&#8243; percent_sign=&#8220;off&#8220; _builder_version=&#8220;4.21.0&#8243; title_font=&#8220;|700|||||||&#8220; title_text_color=&#8220;#666666&#8243; title_font_size=&#8220;14px&#8220; number_font=&#8220;Raleway|700|||||||&#8220; number_text_color=&#8220;#b2b9c4&#8243; number_font_size=&#8220;48px&#8220; number_line_height=&#8220;100px&#8220; locked=&#8220;off&#8220; global_colors_info=&#8220;{}&#8220;][\/et_pb_number_counter][\/et_pb_column][et_pb_column type=&#8220;1_3&#8243; _builder_version=&#8220;4.16&#8243; custom_padding=&#8220;|||&#8220; global_colors_info=&#8220;{}&#8220; custom_padding__hover=&#8220;|||&#8220;][et_pb_number_counter title=&#8220;Caf\u00e9s \/ Restaurants&#8220; number=&#8220;4&#8243; percent_sign=&#8220;off&#8220; _builder_version=&#8220;4.21.0&#8243; title_font=&#8220;|700|||||||&#8220; title_text_color=&#8220;#666666&#8243; title_font_size=&#8220;14px&#8220; number_font=&#8220;Raleway|700|||||||&#8220; number_text_color=&#8220;#b2b9c4&#8243; number_font_size=&#8220;48px&#8220; number_line_height=&#8220;100px&#8220; locked=&#8220;off&#8220; global_colors_info=&#8220;{}&#8220;][\/et_pb_number_counter][\/et_pb_column][et_pb_column type=&#8220;1_3&#8243; _builder_version=&#8220;4.16&#8243; custom_padding=&#8220;|||&#8220; global_colors_info=&#8220;{}&#8220; custom_padding__hover=&#8220;|||&#8220;][et_pb_number_counter title=&#8220;km Wanderwege&#8220; number=&#8220;22&#8243; percent_sign=&#8220;off&#8220; _builder_version=&#8220;4.21.0&#8243; title_font=&#8220;|700|||||||&#8220; title_text_color=&#8220;#666666&#8243; title_font_size=&#8220;14px&#8220; number_font=&#8220;Raleway|700|||||||&#8220; number_text_color=&#8220;#b2b9c4&#8243; number_font_size=&#8220;48px&#8220; number_line_height=&#8220;100px&#8220; locked=&#8220;off&#8220; global_colors_info=&#8220;{}&#8220;][\/et_pb_number_counter][\/et_pb_column][\/et_pb_row][et_pb_row _builder_version=&#8220;4.16&#8243; global_colors_info=&#8220;{}&#8220;][et_pb_column type=&#8220;4_4&#8243; _builder_version=&#8220;4.16&#8243; custom_padding=&#8220;|||&#8220; global_colors_info=&#8220;{}&#8220; custom_padding__hover=&#8220;|||&#8220;][et_pb_gallery gallery_ids=&#8220;163,682,684,683&#8243; _builder_version=&#8220;4.21.0&#8243; _module_preset=&#8220;default&#8220; link_option_url=&#8220;https:\/\/blauegrootdoor.de\/wp-content\/uploads\/2023\/07\/Steingrab-Meyenburg-Duengel.png&#8220; link_option_url_new_window=&#8220;on&#8220; global_colors_info=&#8220;{}&#8220;][\/et_pb_gallery][et_pb_text _builder_version=&#8220;4.22.2&#8243; _module_preset=&#8220;default&#8220; hover_enabled=&#8220;0&#8243; global_colors_info=&#8220;{}&#8220; sticky_enabled=&#8220;0&#8243;]<\/p>\n<p style=\"text-align: justify;\">Meyenburg kann man wunderbar zu Fu\u00df oder mit dem Fahrrad erkunden. Entsprechende Routen stellen wir in K\u00fcrze an dieser Stelle ein. Bis dahin: Seien Sie neugierig und machen sich auf den Weg, es gibt Einiges zu entdecken.<\/p>\n<p style=\"text-align: justify;\">Eine aktive Vereinskultur pr\u00e4gt Meyenburg. Seit 50 Jahren gibt es z.B. den <a href=\"https:\/\/www.akmeyenburg.de\/sehenswuerdigkeiten\/\" target=\"_blank\" rel=\"noopener\"><strong>&#8222;Arbeitskreis f\u00fcr Dorfversch\u00f6nerung&#8220;<\/strong><\/a>. Auf der Vereinswebseite finden Sie eine Auflistung der <a href=\"https:\/\/www.akmeyenburg.de\/sehenswuerdigkeiten\/\" target=\"_blank\" rel=\"noopener\"><strong>Sehensw\u00fcrdigkeiten<\/strong><\/a> in Meyenburg samt Erl\u00e4uterungen. Au\u00dferdem sind <strong><a href=\"https:\/\/www.akmeyenburg.de\/veranstaltungen\/2023\/\" target=\"_blank\" rel=\"noopener\">Veranstaltungen<\/a><\/strong> aufgef\u00fchrt, an denen \u2013 sofern \u00f6ffentlich \u2013 auch Sie herzlich eingeladen sind teilzunehmen. N\u00e4here Informationen erhalten Sie bei Interesse \u00fcber uns.<\/p>\n<p style=\"text-align: justify;\">[\/et_pb_text][\/et_pb_column][\/et_pb_row][et_pb_row column_structure=&#8220;1_3,2_3&#8243; _builder_version=&#8220;4.21.0&#8243; _module_preset=&#8220;default&#8220; border_width_top=&#8220;1px&#8220; border_color_top=&#8220;#1f4e79&#8243; global_colors_info=&#8220;{}&#8220;][et_pb_column type=&#8220;1_3&#8243; _builder_version=&#8220;4.21.0&#8243; _module_preset=&#8220;default&#8220; global_colors_info=&#8220;{}&#8220;][et_pb_text _builder_version=&#8220;4.21.0&#8243; _module_preset=&#8220;default&#8220; global_colors_info=&#8220;{}&#8220;]<\/p>\n<h2 style=\"text-align: left;\">Gemeinde Schwanewede<\/h2>\n<p style=\"text-align: justify;\">Ihr &#8222;Urlaubsdorf&#8220; Meyenburg geh\u00f6rt zur <a href=\"https:\/\/www.schwanewede.de\/portal\/startseite.html\" target=\"_blank\" rel=\"noopener\">Gemeinde Schwanewede<\/a>.<\/p>\n<p style=\"text-align: justify;\">Schwanewede (5 km entfernt) hat etwa 20.000 Einwohner:innen. In Schwanewede gibt es zahlreiche Einkaufsm\u00f6glichkeiten, Drogerien Apotheken, Tankstellen, mehrere Restaurants, den <a href=\"http:\/\/www.baracke-wilhelmine.de\/index.htm\" target=\"_blank\" rel=\"noopener\">Denkort Baracke Wilhelmine<\/a>, \u00a0<a href=\"https:\/\/film-palast-schwanewede.de\" target=\"_blank\" rel=\"noopener\">ein Kino<\/a>, &#8230;<\/p>\n<p style=\"text-align: justify;\">Samstags findet zwischen 08.00 und 13.00 Uhr ein Wochenmarkt &#8222;Am Markt&#8220; statt.<\/p>\n<p style=\"text-align: justify;\">Eine Auflistung weiterer Freizeitm\u00f6glichkeiten finden Sie auf der <a href=\"https:\/\/www.schwanewede.de\/freizeit\/\" target=\"_blank\" rel=\"noopener\">Webseite des Rathauses<\/a>.<\/p>\n<p style=\"text-align: justify;\">[\/et_pb_text][\/et_pb_column][et_pb_column type=&#8220;2_3&#8243; _builder_version=&#8220;4.21.0&#8243; _module_preset=&#8220;default&#8220; global_colors_info=&#8220;{}&#8220;][et_pb_image src=&#8220;https:\/\/blauegrootdoor.de\/wp-content\/uploads\/2023\/08\/Umgebung-Schwanewede-1.png&#8220; title_text=&#8220;Umgebung Schwanewede&#8220; url=&#8220;https:\/\/blauegrootdoor.de\/wp-content\/uploads\/2023\/08\/Umgebung-Schwanewede-1.png&#8220; url_new_window=&#8220;on&#8220; _builder_version=&#8220;4.21.0&#8243; _module_preset=&#8220;default&#8220; global_colors_info=&#8220;{}&#8220;][\/et_pb_image][\/et_pb_column][\/et_pb_row][et_pb_row column_structure=&#8220;2_3,1_3&#8243; _builder_version=&#8220;4.21.0&#8243; _module_preset=&#8220;default&#8220; border_width_top=&#8220;1px&#8220; border_color_top=&#8220;#1f4e79&#8243; global_colors_info=&#8220;{}&#8220;][et_pb_column type=&#8220;2_3&#8243; _builder_version=&#8220;4.21.0&#8243; _module_preset=&#8220;default&#8220; global_colors_info=&#8220;{}&#8220;][et_pb_image src=&#8220;https:\/\/blauegrootdoor.de\/wp-content\/uploads\/2023\/08\/Umgebung-Worpswede.png&#8220; title_text=&#8220;Umgebung Worpswede&#8220; url=&#8220;https:\/\/blauegrootdoor.de\/wp-content\/uploads\/2023\/08\/Umgebung-Worpswede.png&#8220; url_new_window=&#8220;on&#8220; _builder_version=&#8220;4.21.0&#8243; _module_preset=&#8220;default&#8220; global_colors_info=&#8220;{}&#8220;][\/et_pb_image][\/et_pb_column][et_pb_column type=&#8220;1_3&#8243; _builder_version=&#8220;4.21.0&#8243; _module_preset=&#8220;default&#8220; global_colors_info=&#8220;{}&#8220;][et_pb_text _builder_version=&#8220;4.21.0&#8243; _module_preset=&#8220;default&#8220; global_colors_info=&#8220;{}&#8220;]<\/p>\n<h2 style=\"text-align: right;\">K\u00fcnstlerdorf Worpswede<\/h2>\n<p style=\"text-align: justify;\">Worpswede (27 km entfernt) blickt auf eine jahrhundertbestehende K\u00fcnstlergschichte zur\u00fcck. Sie erhalten unter anderem in den <a href=\"https:\/\/www.worpswede-museen.de\" target=\"_blank\" rel=\"noopener\">vier Museen<\/a>\u00a0zahlreiche Informationen zu Martha und Heinrich Vogeler, zu Paula Modersohn-Becker, Otto Modersohn und weiteren K\u00fcnstler:innen.<\/p>\n<p style=\"text-align: justify;\">Hinweise auf Veranstaltungen und weiteren Sehensw\u00fcrdigkeiten gibt es vor Ort in der <a href=\"https:\/\/www.worpswede-touristik.de\" target=\"_blank\" rel=\"noopener\">Touristik-Information<\/a>.<\/p>\n<p style=\"text-align: justify;\">Lohnenswert ist ein Abstecher zum <a href=\"https:\/\/hammehafen.de\" target=\"_blank\" rel=\"noopener\">Hammehafen \u2013 bei gutem Wetter genie\u00dfen Sie Livemusik und den Kanuverleih<\/a>.<\/p>\n<p style=\"text-align: justify;\">Ferner k\u00f6nnen Sie eine traditionelle <a href=\"https:\/\/www.worpswede-touristik.de\/erleben\/torfkahn\/\" target=\"_blank\" rel=\"noopener\">Torfkahnfahrt<\/a> buchen und sich \u00fcber die Gew\u00e4sser schiffen lassen.<\/p>\n<p style=\"text-align: justify;\">[\/et_pb_text][\/et_pb_column][\/et_pb_row][et_pb_row column_structure=&#8220;1_3,2_3&#8243; _builder_version=&#8220;4.21.0&#8243; _module_preset=&#8220;default&#8220; border_width_top=&#8220;1px&#8220; border_color_top=&#8220;#1f4e79&#8243; global_colors_info=&#8220;{}&#8220;][et_pb_column type=&#8220;1_3&#8243; _builder_version=&#8220;4.21.0&#8243; _module_preset=&#8220;default&#8220; global_colors_info=&#8220;{}&#8220;][et_pb_text _builder_version=&#8220;4.21.0&#8243; _module_preset=&#8220;default&#8220; global_colors_info=&#8220;{}&#8220;]<\/p>\n<h2 style=\"text-align: left;\">Bremen<\/h2>\n<p style=\"text-align: justify;\">Bremen hat einen traditionsreichen Altstadtkern, der einen Besuch wert ist. Einst von Napoleon eingenommen, durch den Nationalsozialismus schwer getroffen, steht Bremen heute f\u00fcr eine freiheitliche und vielf\u00e4ltige Lebensart.<\/p>\n<p style=\"text-align: justify;\">Das Rathaus geh\u00f6rt zum UNESCO-Welterbe, das Schnoorviertel ist ein mittelalterliches G\u00e4ngeviertel, im &#8222;Viertel&#8220; sp\u00fcren Sie einen authentischen alternativen Lebensstil.<\/p>\n<p style=\"text-align: justify;\">Direkt an der Weser, am Osterdeich, finden Veranstaltungen unter freiem Himmel statt; am Wochenende pilgern Fans des SV Werder Bremen zum Weserstadion.<\/p>\n<p style=\"text-align: justify;\">\n<p>[\/et_pb_text][\/et_pb_column][et_pb_column type=&#8220;2_3&#8243; _builder_version=&#8220;4.21.0&#8243; _module_preset=&#8220;default&#8220; global_colors_info=&#8220;{}&#8220;][et_pb_image src=&#8220;https:\/\/blauegrootdoor.de\/wp-content\/uploads\/2023\/08\/Umgebung-Bremen.png&#8220; title_text=&#8220;Umgebung Bremen&#8220; url=&#8220;https:\/\/blauegrootdoor.de\/wp-content\/uploads\/2023\/08\/Umgebung-Bremen.png&#8220; url_new_window=&#8220;on&#8220; _builder_version=&#8220;4.21.0&#8243; _module_preset=&#8220;default&#8220; global_colors_info=&#8220;{}&#8220;][\/et_pb_image][\/et_pb_column][\/et_pb_row][et_pb_row column_structure=&#8220;2_3,1_3&#8243; _builder_version=&#8220;4.21.0&#8243; _module_preset=&#8220;default&#8220; border_width_top=&#8220;1px&#8220; border_color_top=&#8220;#1f4e79&#8243; global_colors_info=&#8220;{}&#8220;][et_pb_column type=&#8220;2_3&#8243; _builder_version=&#8220;4.21.0&#8243; _module_preset=&#8220;default&#8220; global_colors_info=&#8220;{}&#8220;][et_pb_image src=&#8220;https:\/\/blauegrootdoor.de\/wp-content\/uploads\/2023\/08\/Umgebung-Bremerhaven.png&#8220; title_text=&#8220;Umgebung Bremerhaven&#8220; url=&#8220;https:\/\/blauegrootdoor.de\/wp-content\/uploads\/2023\/08\/Umgebung-Bremerhaven.png&#8220; url_new_window=&#8220;on&#8220; _builder_version=&#8220;4.21.0&#8243; _module_preset=&#8220;default&#8220; global_colors_info=&#8220;{}&#8220;][\/et_pb_image][\/et_pb_column][et_pb_column type=&#8220;1_3&#8243; _builder_version=&#8220;4.21.0&#8243; _module_preset=&#8220;default&#8220; global_colors_info=&#8220;{}&#8220;][et_pb_text _builder_version=&#8220;4.21.0&#8243; _module_preset=&#8220;default&#8220; global_colors_info=&#8220;{}&#8220;]<\/p>\n<h2 style=\"text-align: right;\">Bremerhaven<\/h2>\n<p style=\"text-align: justify;\"><span>Bremerhaven liegt ca. 35 km n\u00f6rdlich von Meyenburg an den M\u00fcndungen der Weser<\/span><span>\u00a0und der Geeste <\/span><span>in die Weser.<\/span><\/p>\n<p style=\"text-align: justify;\">Klimahaus, Schifffahrtsmuseum, Auswandererhaus und ein Zoo: Mit den <a href=\"https:\/\/www.bremerhaven.de\/de\/tourismus\/schiffe-haefen\/rund-um-die-havenwelten.22873.html\" target=\"_blank\" rel=\"noopener\">Havenwelten<\/a> besitzt Bremerhaven eine attraktive Erlebnismeile direkt an der Weserm\u00fcndung.<\/p>\n<p style=\"text-align: justify;\"><span>Um Fisch dreht sich alles im alten Fischereihafen, der s\u00fcdlich der Havenwelten liegt. In einer ehemaligen restaurierten Packhalle lockt heute das &#8222;<a href=\"https:\/\/www.schaufenster-fischereihafen.de\/veranstaltungen\/\" target=\"_blank\" rel=\"noopener\">Schaufenster Fischereihafen<\/a>&#8220; mit einem gro\u00dfen Angebot an Restaurants und Veranstaltungen.<\/span><\/p>\n<p style=\"text-align: justify;\">[\/et_pb_text][\/et_pb_column][\/et_pb_row][et_pb_row column_structure=&#8220;1_3,1_3,1_3&#8243; _builder_version=&#8220;4.21.0&#8243; _module_preset=&#8220;default&#8220; border_width_top=&#8220;1px&#8220; border_color_top=&#8220;#1f4e79&#8243; global_colors_info=&#8220;{}&#8220;][et_pb_column type=&#8220;1_3&#8243; _builder_version=&#8220;4.21.0&#8243; _module_preset=&#8220;default&#8220; global_colors_info=&#8220;{}&#8220;][et_pb_image src=&#8220;https:\/\/blauegrootdoor.de\/wp-content\/uploads\/2023\/07\/Weserperle.png&#8220; title_text=&#8220;Weserperle&#8220; url=&#8220;https:\/\/www.weserperle-dedesdorf.de&#8220; url_new_window=&#8220;on&#8220; _builder_version=&#8220;4.21.0&#8243; _module_preset=&#8220;default&#8220; global_colors_info=&#8220;{}&#8220;][\/et_pb_image][\/et_pb_column][et_pb_column type=&#8220;1_3&#8243; _builder_version=&#8220;4.21.0&#8243; _module_preset=&#8220;default&#8220; global_colors_info=&#8220;{}&#8220;][et_pb_text _builder_version=&#8220;4.21.0&#8243; _module_preset=&#8220;default&#8220; global_colors_info=&#8220;{}&#8220;]<\/p>\n<h2 style=\"text-align: left;\">Entlang der Weser<\/h2>\n<p style=\"text-align: justify;\">Von Meyenburg aus k\u00f6nnen Sie hervorragend am Deich entlang der Weserseite Richtung Norden fahren \u2013 eine <strong>Fahrradtour<\/strong> wird empfohlen. Aber auch mit dem Auto k\u00f6nnen Sie unterschiedliche Ziele und Gastronomien auf dem Weg ansteuern.<\/p>\n<p style=\"text-align: justify;\">Auf der Weserinsel <strong>Harriersand<\/strong> gibt es Badestr\u00e4nde und die <a href=\"https:\/\/strandhalle-harriersand.de\" target=\"_blank\" rel=\"noopener\">&#8222;Strandhalle Harriersand&#8220;<\/a> zum Einkehren.<\/p>\n<p style=\"text-align: justify;\">Weiter geht&#8217;s Richtung <strong>Sandstedt<\/strong> \u2013 von dort k\u00f6nnten Sie mit der <a href=\"https:\/\/www.weser-faehre.de\" target=\"_blank\" rel=\"noopener\">Weserf\u00e4hre<\/a> Richtung <a href=\"https:\/\/brake.de\" target=\"_blank\" rel=\"noopener\">Brake<\/a> \u00fcbersetzen.<\/p>\n<p>[\/et_pb_text][\/et_pb_column][et_pb_column type=&#8220;1_3&#8243; _builder_version=&#8220;4.21.0&#8243; _module_preset=&#8220;default&#8220; global_colors_info=&#8220;{}&#8220;][et_pb_text _builder_version=&#8220;4.21.0&#8243; _module_preset=&#8220;default&#8220; global_colors_info=&#8220;{}&#8220;]<\/p>\n<h2 style=\"text-align: right;\"><\/h2>\n<p style=\"text-align: justify;\"><span><\/span><\/p>\n<p style=\"text-align: justify;\"><span><\/span><\/p>\n<p style=\"text-align: justify;\"><span>Ehe es Richtung Bremerhaven\u00a0geht, kann man einen Zwischenstopp an der <a href=\"https:\/\/www.weserperle-dedesdorf.de\" target=\"_blank\" rel=\"noopener\">&#8222;Weserperle&#8220;<\/a> in <strong>Dedesdorf<\/strong> einlegen: outdoor gibt es \u2013 mit den F\u00fc\u00dfen im\u00a0Sand \u2013 Burger, holl\u00e4ndische Pommes, Kuchen wie Hei\u00df- und Kaltgetr\u00e4nke (Saison Mitte April \u2013 Anfang Oktober).<\/span><\/p>\n<p style=\"text-align: justify;\"><span>\u00dcber den <strong>Wesertunnel<\/strong> (via Auto, Fahrr\u00e4der sind nicht zugelassen) gelangen Sie \u00fcber \u2013 oder besser: unter \u2013 der Weser Richtung Westen. Von dort \u00a0geht es fix zum Jadebusen, zum Wattenmeer. \u00a0 \u00a0 \u00a0<\/span><\/p>\n<p>[\/et_pb_text][\/et_pb_column][\/et_pb_row][\/et_pb_section]<\/p>","protected":false},"excerpt":{"rendered":"<p>Meyenburg Meyenburg kann man wunderbar zu Fu\u00df oder mit dem Fahrrad erkunden. Entsprechende Routen stellen wir in K\u00fcrze an dieser Stelle ein. Bis dahin: Seien Sie neugierig und machen sich auf den Weg, es gibt Einiges zu entdecken. Eine aktive Vereinskultur pr\u00e4gt Meyenburg. Seit 50 Jahren gibt es z.B. den &#8222;Arbeitskreis f\u00fcr Dorfversch\u00f6nerung&#8220;. Auf der [&hellip;]<\/p>","protected":false},"author":1,"featured_media":0,"parent":0,"menu_order":0,"comment_status":"closed","ping_status":"closed","template":"","meta":{"_et_pb_use_builder":"on","_et_pb_old_content":"","_et_gb_content_width":"","footnotes":""},"_links":{"self":[{"href":"https:\/\/blauegrootdoor.de\/en\/wp-json\/wp\/v2\/pages\/70"}],"collection":[{"href":"https:\/\/blauegrootdoor.de\/en\/wp-json\/wp\/v2\/pages"}],"about":[{"href":"https:\/\/blauegrootdoor.de\/en\/wp-json\/wp\/v2\/types\/page"}],"author":[{"embeddable":true,"href":"https:\/\/blauegrootdoor.de\/en\/wp-json\/wp\/v2\/users\/1"}],"replies":[{"embeddable":true,"href":"https:\/\/blauegrootdoor.de\/en\/wp-json\/wp\/v2\/comments?post=70"}],"version-history":[{"count":82,"href":"https:\/\/blauegrootdoor.de\/en\/wp-json\/wp\/v2\/pages\/70\/revisions"}],"predecessor-version":[{"id":942,"href":"https:\/\/blauegrootdoor.de\/en\/wp-json\/wp\/v2\/pages\/70\/revisions\/942"}],"wp:attachment":[{"href":"https:\/\/blauegrootdoor.de\/en\/wp-json\/wp\/v2\/media?parent=70"}],"curies":[{"name":"wp","href":"https:\/\/api.w.org\/{rel}","templated":true}]}}