{"id":883,"date":"2023-09-26T13:33:48","date_gmt":"2023-09-26T11:33:48","guid":{"rendered":"https:\/\/blauegrootdoor.de\/?page_id=883"},"modified":"2023-11-24T09:09:50","modified_gmt":"2023-11-24T08:09:50","slug":"checkin","status":"publish","type":"page","link":"https:\/\/blauegrootdoor.de\/en\/checkin\/","title":{"rendered":"CheckIn"},"content":{"rendered":"<p>[et_pb_section fb_built=&#8220;1&#8243; admin_label=&#8220;Header&#8220; _builder_version=&#8220;4.21.2&#8243; use_background_color_gradient=&#8220;on&#8220; background_color_gradient_type=&#8220;circular&#8220; background_color_gradient_direction_radial=&#8220;top left&#8220; background_color_gradient_stops=&#8220;rgba(255,255,255,0.89) 30%|rgba(255,255,255,0) 80%&#8220; background_color_gradient_overlays_image=&#8220;on&#8220; background_color_gradient_start=&#8220;rgba(255,255,255,0.89)&#8220; background_color_gradient_start_position=&#8220;30%&#8220; background_color_gradient_end=&#8220;rgba(255,255,255,0)&#8220; background_color_gradient_end_position=&#8220;80%&#8220; background_enable_image=&#8220;off&#8220; custom_padding=&#8220;0vw|0px|0|0px|false|false&#8220; global_colors_info=&#8220;{}&#8220;][et_pb_row _builder_version=&#8220;4.21.2&#8243; max_width=&#8220;400px&#8220; global_colors_info=&#8220;{}&#8220;][et_pb_column type=&#8220;4_4&#8243; _builder_version=&#8220;4.16&#8243; custom_padding=&#8220;|||&#8220; global_colors_info=&#8220;{}&#8220; custom_padding__hover=&#8220;|||&#8220;][et_pb_text _builder_version=&#8220;4.22.2&#8243; text_font=&#8220;||||||||&#8220; header_font=&#8220;Raleway|700|||||||&#8220; header_text_color=&#8220;#1f4e79&#8243; header_font_size=&#8220;80px&#8220; header_line_height=&#8220;1.2em&#8220; header_5_font=&#8220;Raleway|700||on|||||&#8220; header_5_text_color=&#8220;#000000&#8243; header_5_font_size=&#8220;20px&#8220; header_5_letter_spacing=&#8220;0.5em&#8220; header_5_line_height=&#8220;1.8em&#8220; animation_style=&#8220;zoom&#8220; animation_intensity_zoom=&#8220;5%&#8220; header_font_size_tablet=&#8220;48px&#8220; header_font_size_phone=&#8220;32px&#8220; header_font_size_last_edited=&#8220;on|phone&#8220; header_5_font_size_tablet=&#8220;14px&#8220; header_5_font_size_phone=&#8220;12px&#8220; header_5_font_size_last_edited=&#8220;on|desktop&#8220; global_colors_info=&#8220;{}&#8220;]<\/p>\n<div class=\"trp_language_switcher_shortcode\">\n<div class=\"trp-language-switcher trp-language-switcher-container\" data-no-translation>\n    <div class=\"trp-ls-shortcode-current-language\">\n        <a href=\"#\" class=\"trp-ls-shortcode-disabled-language trp-ls-disabled-language\" title=\"English\" onclick=\"event.preventDefault()\">\n\t\t\t<img loading=\"lazy\" decoding=\"async\" class=\"trp-flag-image\" src=\"https:\/\/blauegrootdoor.de\/wp-content\/plugins\/translatepress-multilingual\/assets\/images\/flags\/en_GB.png\" width=\"18\" height=\"12\" alt=\"en_GB\" title=\"English\"> \t\t<\/a>\n    <\/div>\n    <div class=\"trp-ls-shortcode-language\">\n                <a href=\"#\" class=\"trp-ls-shortcode-disabled-language trp-ls-disabled-language\"  title=\"English\" onclick=\"event.preventDefault()\">\n\t\t\t<img loading=\"lazy\" decoding=\"async\" class=\"trp-flag-image\" src=\"https:\/\/blauegrootdoor.de\/wp-content\/plugins\/translatepress-multilingual\/assets\/images\/flags\/en_GB.png\" width=\"18\" height=\"12\" alt=\"en_GB\" title=\"English\"> \t\t<\/a>\n                    <a href=\"https:\/\/blauegrootdoor.de\/en\/wp-json\/wp\/v2\/pages\/883\" title=\"German\">\n            <img loading=\"lazy\" decoding=\"async\" class=\"trp-flag-image\" src=\"https:\/\/blauegrootdoor.de\/wp-content\/plugins\/translatepress-multilingual\/assets\/images\/flags\/de_DE.png\" width=\"18\" height=\"12\" alt=\"de_DE\" title=\"German\">         <\/a>\n\n        <\/div>\n    <script type=\"application\/javascript\">\n        \/\/ need to have the same with set from JS on both divs. Otherwise it can push stuff around in HTML\n        var trp_ls_shortcodes = document.querySelectorAll('.trp_language_switcher_shortcode .trp-language-switcher');\n        if ( trp_ls_shortcodes.length > 0) {\n            \/\/ get the last language switcher added\n            var trp_el = trp_ls_shortcodes[trp_ls_shortcodes.length - 1];\n\n            var trp_shortcode_language_item = trp_el.querySelector( '.trp-ls-shortcode-language' )\n            \/\/ set width\n            var trp_ls_shortcode_width                                               = trp_shortcode_language_item.offsetWidth + 16;\n            trp_shortcode_language_item.style.width                                  = trp_ls_shortcode_width + 'px';\n            trp_el.querySelector( '.trp-ls-shortcode-current-language' ).style.width = trp_ls_shortcode_width + 'px';\n\n            \/\/ We're putting this on display: none after we have its width.\n            trp_shortcode_language_item.style.display = 'none';\n        }\n    <\/script>\n<\/div>\n<\/div>\n<h5>FAQ<\/h5>\n<h1>Check-In<\/h1>\n<p>[\/et_pb_text][\/et_pb_column][\/et_pb_row][\/et_pb_section][et_pb_section fb_built=&#8220;1&#8243; _builder_version=&#8220;4.21.2&#8243; _module_preset=&#8220;default&#8220; custom_padding=&#8220;||0px|5px||&#8220; global_colors_info=&#8220;{}&#8220;][et_pb_row _builder_version=&#8220;4.21.2&#8243; _module_preset=&#8220;default&#8220; max_width=&#8220;300px&#8220; global_colors_info=&#8220;{}&#8220;][et_pb_column type=&#8220;4_4&#8243; _builder_version=&#8220;4.21.2&#8243; _module_preset=&#8220;default&#8220; global_colors_info=&#8220;{}&#8220;][et_pb_slider _builder_version=&#8220;4.23&#8243; _module_preset=&#8220;default&#8220; hover_enabled=&#8220;0&#8243; global_colors_info=&#8220;{}&#8220; sticky_enabled=&#8220;0&#8243;][et_pb_slide image_tablet=&#8220;&#8220; image_phone=&#8220;&#8220; image_last_edited=&#8220;on|phone&#8220; _builder_version=&#8220;4.22.2&#8243; _module_preset=&#8220;default&#8220; global_colors_info=&#8220;{}&#8220; sticky_transition=&#8220;on&#8220;]<\/p>\n<p><img loading=\"lazy\" decoding=\"async\" src=\"https:\/\/blauegrootdoor.de\/wp-content\/uploads\/2023\/09\/BG_FrontCheckIn-300x169.jpg\" width=\"300\" height=\"169\" alt=\"\" class=\"wp-image-895 alignnone size-medium\" \/><\/p>\n<p>You will recognize the apartment by the <strong>big blue door (Blaue Grootdoor)<\/strong>. You can park directly in front ot the it.<\/p>\n<p>[\/et_pb_slide][et_pb_slide _builder_version=&#8220;4.21.2&#8243; _module_preset=&#8220;default&#8220; global_colors_info=&#8220;{}&#8220; sticky_transition=&#8220;on&#8220;]<\/p>\n<p><img loading=\"lazy\" decoding=\"async\" src=\"https:\/\/blauegrootdoor.de\/wp-content\/uploads\/2023\/09\/BG_Seitenansicht-300x169.jpg\" width=\"300\" height=\"169\" alt=\"\" class=\"wp-image-897 alignnone size-medium\" \/><\/p>\n<p>Walk right past the house to the side entrance. There you will find a white mailbox.<\/p>\n<p>[\/et_pb_slide][et_pb_slide _builder_version=&#8220;4.21.2&#8243; _module_preset=&#8220;default&#8220; global_colors_info=&#8220;{}&#8220; sticky_transition=&#8220;on&#8220;]<\/p>\n<p><img loading=\"lazy\" decoding=\"async\" src=\"https:\/\/blauegrootdoor.de\/wp-content\/uploads\/2023\/09\/BG_Keypad-225x300.jpg\" width=\"225\" height=\"300\" alt=\"\" class=\"wp-image-896 alignnone size-medium\" \/><\/p>\n<p>You will find a keypad at the mailbox. Enter the PIN we sent you there and confirm your entry with the \u201cOpen lock\u201d button (bottom right). If the code has been entered correctly, the keypad will flash orange and then green and you will hear the front door locking mechanism.<\/p>\n<p>[\/et_pb_slide][et_pb_slide _builder_version=&#8220;4.21.2&#8243; _module_preset=&#8220;default&#8220; global_colors_info=&#8220;{}&#8220; sticky_transition=&#8220;on&#8220;]<\/p>\n<p><img loading=\"lazy\" decoding=\"async\" src=\"https:\/\/blauegrootdoor.de\/wp-content\/uploads\/2023\/07\/BG_Seiteneingang_1080-800-300x222.jpg\" width=\"300\" height=\"222\" alt=\"\" class=\"wp-image-166 alignnone size-medium\" \/><\/p>\n<p>The door is open \u2013 we wish you a great stay.<\/p>\n<p>[\/et_pb_slide][et_pb_slide _builder_version=&#8220;4.21.2&#8243; _module_preset=&#8220;default&#8220; global_colors_info=&#8220;{}&#8220; sticky_transition=&#8220;on&#8220;]<\/p>\n<p><img loading=\"lazy\" decoding=\"async\" src=\"https:\/\/blauegrootdoor.de\/wp-content\/uploads\/2023\/09\/BG_Esstisch-169x300.jpg\" width=\"169\" height=\"300\" alt=\"\" class=\"wp-image-894 alignnone size-medium\" \/><\/p>\n<p>You will find a key on the dining table. You can use this to close and open the two doors manually from the outside. From inside please turn the white knob or briefly select the corresponding lock symbol.<\/p>\n<p>[\/et_pb_slide][et_pb_slide _builder_version=&#8220;4.21.2&#8243; _module_preset=&#8220;default&#8220; global_colors_info=&#8220;{}&#8220; sticky_transition=&#8220;on&#8220;]<\/p>\n<p><img loading=\"lazy\" decoding=\"async\" src=\"https:\/\/blauegrootdoor.de\/wp-content\/uploads\/2023\/09\/BG_WLAN-300x237.jpg\" width=\"300\" height=\"237\" alt=\"\" class=\"wp-image-899 alignnone size-medium\" srcset=\"https:\/\/blauegrootdoor.de\/wp-content\/uploads\/2023\/09\/BG_WLAN-300x237.jpg 300w, https:\/\/blauegrootdoor.de\/wp-content\/uploads\/2023\/09\/BG_WLAN.jpg 477w\" sizes=\"(max-width: 300px) 100vw, 300px\" \/><\/p>\n<p>Please set up the WIFI <strong>BlaueGrootdoor<\/strong> with the password <strong>EntspannenUnterReet2301<\/strong> on your device.<\/p>\n<p>[\/et_pb_slide][et_pb_slide _builder_version=&#8220;4.23&#8243; _module_preset=&#8220;default&#8220; hover_enabled=&#8220;0&#8243; global_colors_info=&#8220;{}&#8220; sticky_transition=&#8220;on&#8220; sticky_enabled=&#8220;0&#8243;]<\/p>\n<p><img loading=\"lazy\" decoding=\"async\" src=\"https:\/\/blauegrootdoor.de\/wp-content\/uploads\/2023\/09\/BG_Sonosbox-300x300.jpg\" width=\"300\" height=\"300\" alt=\"\" class=\"wp-image-898 alignnone size-medium\" \/><\/p>\n<p>There are Sonos boxes in the slleeping room and at the desk. This allows you to play your own music via Spotify or Airplay, when you are on WiFi and then select the \"Schlafzimmer 1\" or \u201cWohnzimmer\u201d speaker. You can also select radio stations via the Sonos app. There is also a DAB radio and CD player in the kitchen.<\/p>\n<p>[\/et_pb_slide][et_pb_slide _builder_version=&#8220;4.21.2&#8243; _module_preset=&#8220;default&#8220; global_colors_info=&#8220;{}&#8220; sticky_transition=&#8220;on&#8220;]<\/p>\n<p><img loading=\"lazy\" decoding=\"async\" src=\"https:\/\/blauegrootdoor.de\/wp-content\/uploads\/2023\/09\/BG_Fragen-300x277.gif\" width=\"300\" height=\"277\" alt=\"\" class=\"wp-image-912 alignnone size-medium\" \/><\/p>\n<p>If you have any questions or problems with the apartment, you can contact us via the respective booking portal.<br \/>We can also be reached at any time via cell phone\/Whatsapp:<br \/>\u2013 Dominik +49 170 3349480<br \/>\u2013 Till +49 177 2703014<\/p>\n<p>[\/et_pb_slide][\/et_pb_slider][\/et_pb_column][\/et_pb_row][\/et_pb_section]<\/p>","protected":false},"excerpt":{"rendered":"<p><div class=\"trp_language_switcher_shortcode\">\n<div class=\"trp-language-switcher trp-language-switcher-container\" data-no-translation>\n    <div class=\"trp-ls-shortcode-current-language\">\n        <a href=\"#\" class=\"trp-ls-shortcode-disabled-language trp-ls-disabled-language\" title=\"English\" onclick=\"event.preventDefault()\">\n\t\t\t<img loading=\"lazy\" decoding=\"async\" class=\"trp-flag-image\" src=\"https:\/\/blauegrootdoor.de\/wp-content\/plugins\/translatepress-multilingual\/assets\/images\/flags\/en_GB.png\" width=\"18\" height=\"12\" alt=\"en_GB\" title=\"English\"> \t\t<\/a>\n    <\/div>\n    <div class=\"trp-ls-shortcode-language\">\n                <a href=\"#\" class=\"trp-ls-shortcode-disabled-language trp-ls-disabled-language\"  title=\"English\" onclick=\"event.preventDefault()\">\n\t\t\t<img loading=\"lazy\" decoding=\"async\" class=\"trp-flag-image\" src=\"https:\/\/blauegrootdoor.de\/wp-content\/plugins\/translatepress-multilingual\/assets\/images\/flags\/en_GB.png\" width=\"18\" height=\"12\" alt=\"en_GB\" title=\"English\"> \t\t<\/a>\n                    <a href=\"https:\/\/blauegrootdoor.de\/en\/wp-json\/wp\/v2\/pages\/883\" title=\"German\">\n            <img loading=\"lazy\" decoding=\"async\" class=\"trp-flag-image\" src=\"https:\/\/blauegrootdoor.de\/wp-content\/plugins\/translatepress-multilingual\/assets\/images\/flags\/de_DE.png\" width=\"18\" height=\"12\" alt=\"de_DE\" title=\"German\">         <\/a>\n\n        <\/div>\n    <script type=\"application\/javascript\">\n        \/\/ need to have the same with set from JS on both divs. Otherwise it can push stuff around in HTML\n        var trp_ls_shortcodes = document.querySelectorAll('.trp_language_switcher_shortcode .trp-language-switcher');\n        if ( trp_ls_shortcodes.length > 0) {\n            \/\/ get the last language switcher added\n            var trp_el = trp_ls_shortcodes[trp_ls_shortcodes.length - 1];\n\n            var trp_shortcode_language_item = trp_el.querySelector( '.trp-ls-shortcode-language' )\n            \/\/ set width\n            var trp_ls_shortcode_width                                               = trp_shortcode_language_item.offsetWidth + 16;\n            trp_shortcode_language_item.style.width                                  = trp_ls_shortcode_width + 'px';\n            trp_el.querySelector( '.trp-ls-shortcode-current-language' ).style.width = trp_ls_shortcode_width + 'px';\n\n            \/\/ We're putting this on display: none after we have its width.\n            trp_shortcode_language_item.style.display = 'none';\n        }\n    <\/script>\n<\/div>\n<\/div> Wer, Wie, Was &#8230; Check-In Die Ferienwohnung am Meyenburger Damm 16 erkennen Sie an der blauen Grootdoor. Sie k\u00f6nnen direkt davor parken. Gehen Sie rechts am Haus vorbei zum Seiteneingang. Dort finden Sie einen wei\u00dfen Briefkasten. Am Briefkasten finden Sie ein Keypad. Geben Sie dort die von uns zugesendete PIN ein und best\u00e4tigen die [&hellip;]<\/p>","protected":false},"author":1,"featured_media":0,"parent":0,"menu_order":0,"comment_status":"closed","ping_status":"closed","template":"","meta":{"_et_pb_use_builder":"on","_et_pb_old_content":"","_et_gb_content_width":"","footnotes":""},"_links":{"self":[{"href":"https:\/\/blauegrootdoor.de\/en\/wp-json\/wp\/v2\/pages\/883"}],"collection":[{"href":"https:\/\/blauegrootdoor.de\/en\/wp-json\/wp\/v2\/pages"}],"about":[{"href":"https:\/\/blauegrootdoor.de\/en\/wp-json\/wp\/v2\/types\/page"}],"author":[{"embeddable":true,"href":"https:\/\/blauegrootdoor.de\/en\/wp-json\/wp\/v2\/users\/1"}],"replies":[{"embeddable":true,"href":"https:\/\/blauegrootdoor.de\/en\/wp-json\/wp\/v2\/comments?post=883"}],"version-history":[{"count":18,"href":"https:\/\/blauegrootdoor.de\/en\/wp-json\/wp\/v2\/pages\/883\/revisions"}],"predecessor-version":[{"id":945,"href":"https:\/\/blauegrootdoor.de\/en\/wp-json\/wp\/v2\/pages\/883\/revisions\/945"}],"wp:attachment":[{"href":"https:\/\/blauegrootdoor.de\/en\/wp-json\/wp\/v2\/media?parent=883"}],"curies":[{"name":"wp","href":"https:\/\/api.w.org\/{rel}","templated":true}]}}